{"id":2571,"date":"2020-12-06T11:27:41","date_gmt":"2020-12-06T10:27:56","guid":{"rendered":"https:\/\/koenig-frauenheilkunde.de\/?page_id=2571"},"modified":"2023-12-04T16:10:49","modified_gmt":"2023-12-04T15:10:49","slug":"kontakt-sprechzeiten-adresse-und-telefonnummer-der-praxis-fuer-gynaekologie-dr-lilian-koenig","status":"publish","type":"page","link":"https:\/\/koenig-frauenheilkunde.de\/de\/kontakt-sprechzeiten-adresse-und-telefonnummer-der-praxis-fuer-gynaekologie-dr-lilian-koenig\/","title":{"rendered":"KONTAKT \u2013 Sprechzeiten, Adresse und Telefonnummer der Praxis f\u00fcr Gyn\u00e4kologie Dr. Lilian K\u00f6nig"},"content":{"rendered":"\t\t<div data-elementor-type=\"wp-page\" data-elementor-id=\"2571\" class=\"elementor elementor-2571\" data-elementor-settings=\"{&quot;ha_cmc_init_switcher&quot;:&quot;no&quot;}\" data-elementor-post-type=\"page\">\n\t\t\t\t\t\t<section class=\"elementor-section elementor-top-section elementor-element elementor-element-baca79c elementor-section-boxed elementor-section-height-default elementor-section-height-default\" data-id=\"baca79c\" data-element_type=\"section\" data-e-type=\"section\" data-settings=\"{&quot;_ha_eqh_enable&quot;:false}\">\n\t\t\t\t\t\t<div class=\"elementor-container elementor-column-gap-default\">\n\t\t\t\t\t<div class=\"elementor-column elementor-col-100 elementor-top-column elementor-element elementor-element-e25ad84\" data-id=\"e25ad84\" data-element_type=\"column\" data-e-type=\"column\" data-settings=\"{&quot;background_background&quot;:&quot;classic&quot;}\">\n\t\t\t<div class=\"elementor-widget-wrap elementor-element-populated\">\n\t\t\t\t\t\t<div class=\"elementor-element elementor-element-f88ca94 elementor-widget elementor-widget-image\" data-id=\"f88ca94\" data-element_type=\"widget\" data-e-type=\"widget\" data-widget_type=\"image.default\">\n\t\t\t\t<div class=\"elementor-widget-container\">\n\t\t\t\t\t\t\t\t\t\t\t\t\t\t\t<img fetchpriority=\"high\" decoding=\"async\" width=\"1500\" height=\"449\" src=\"https:\/\/koenig-frauenheilkunde.de\/wp-content\/uploads\/2020\/12\/hero_kontakt.jpg\" class=\"attachment-full size-full wp-image-4575\" alt=\"\" srcset=\"https:\/\/koenig-frauenheilkunde.de\/wp-content\/uploads\/2020\/12\/hero_kontakt.jpg 1500w, https:\/\/koenig-frauenheilkunde.de\/wp-content\/uploads\/2020\/12\/hero_kontakt-600x180.jpg 600w, https:\/\/koenig-frauenheilkunde.de\/wp-content\/uploads\/2020\/12\/hero_kontakt-1090x326.jpg 1090w, https:\/\/koenig-frauenheilkunde.de\/wp-content\/uploads\/2020\/12\/hero_kontakt-768x230.jpg 768w, https:\/\/koenig-frauenheilkunde.de\/wp-content\/uploads\/2020\/12\/hero_kontakt-1400x419.jpg 1400w\" sizes=\"(max-width: 1500px) 100vw, 1500px\" loading=\"eager\" \/>\t\t\t\t\t\t\t\t\t\t\t\t\t\t\t<\/div>\n\t\t\t\t<\/div>\n\t\t\t\t\t<\/div>\n\t\t<\/div>\n\t\t\t\t\t<\/div>\n\t\t<\/section>\n\t\t\t\t<section class=\"elementor-section elementor-top-section elementor-element elementor-element-dd3dd6a elementor-section-boxed elementor-section-height-default elementor-section-height-default\" data-id=\"dd3dd6a\" data-element_type=\"section\" data-e-type=\"section\" data-settings=\"{&quot;_ha_eqh_enable&quot;:false}\">\n\t\t\t\t\t\t<div class=\"elementor-container elementor-column-gap-default\">\n\t\t\t\t\t<div class=\"elementor-column elementor-col-100 elementor-top-column elementor-element elementor-element-bef4dff\" data-id=\"bef4dff\" data-element_type=\"column\" data-e-type=\"column\">\n\t\t\t<div class=\"elementor-widget-wrap elementor-element-populated\">\n\t\t\t\t\t\t<div class=\"elementor-element elementor-element-fe8b382 elementor-widget elementor-widget-heading\" data-id=\"fe8b382\" data-element_type=\"widget\" data-e-type=\"widget\" data-widget_type=\"heading.default\">\n\t\t\t\t<div class=\"elementor-widget-container\">\n\t\t\t\t\t<h1 class=\"elementor-heading-title elementor-size-default\">Die Praxis f\u00fcr Frauenheilkunde und Geburtshilfe Dr. Lilian K\u00f6nig<\/h1>\t\t\t\t<\/div>\n\t\t\t\t<\/div>\n\t\t\t\t\t<\/div>\n\t\t<\/div>\n\t\t\t\t\t<\/div>\n\t\t<\/section>\n\t\t\t\t<section class=\"elementor-section elementor-top-section elementor-element elementor-element-4eed7ce elementor-section-boxed elementor-section-height-default elementor-section-height-default\" data-id=\"4eed7ce\" data-element_type=\"section\" data-e-type=\"section\" data-settings=\"{&quot;_ha_eqh_enable&quot;:false}\">\n\t\t\t\t\t\t<div class=\"elementor-container elementor-column-gap-default\">\n\t\t\t\t\t<div class=\"elementor-column elementor-col-50 elementor-top-column elementor-element elementor-element-3fe2000\" data-id=\"3fe2000\" data-element_type=\"column\" data-e-type=\"column\">\n\t\t\t<div class=\"elementor-widget-wrap elementor-element-populated\">\n\t\t\t\t\t\t<div class=\"elementor-element elementor-element-32788a8 elementor-widget elementor-widget-text-editor\" data-id=\"32788a8\" data-element_type=\"widget\" data-e-type=\"widget\" data-widget_type=\"text-editor.default\">\n\t\t\t\t<div class=\"elementor-widget-container\">\n\t\t\t\t\t\t\t\t\t<h2>Unsere Sprechzeiten<\/h2><p>Unsere Praxis ist zu folgenden Zeiten f\u00fcr Sie ge\u00f6ffnet:<\/p><p><strong>Montag bis Freitag (vormittags)<\/strong><br \/>7:30 \u2013 12:00 Uhr<\/p><p><strong>Montag und Dienstag (nachmittags)<\/strong><br \/>14:30\u00a0\u2013\u00a017:30 Uhr<\/p><p><strong>Donnerstag (nachmittags)<\/strong><br \/>15:00\u00a0\u2013\u00a020:00 Uhr<\/p><p>Weitere Termine nach Vereinbarung.<\/p><p>Das\u00a0Praxisteam\u00a0ist f\u00fcr\u00a0telefonische Terminvereinbarungen\u00a0dankbar.<\/p><p>Bitte besprechen Sie mit uns schon bei der Terminvereinbarung, welche Beschwerden Sie haben oder welche Untersuchung durchgef\u00fchrt werden soll. Dies dient der besseren Ablaufplanung und zur Vermeidung von Wartezeiten.<\/p><p>Angaben gem. \u00c4rzte-ZV \u00a719a Abs.1 entnehmen Sie bitte den Ank\u00fcndigungen der Aufsichtsbeh\u00f6rde.<\/p>\t\t\t\t\t\t\t\t<\/div>\n\t\t\t\t<\/div>\n\t\t\t\t\t<\/div>\n\t\t<\/div>\n\t\t\t\t<div class=\"elementor-column elementor-col-50 elementor-top-column elementor-element elementor-element-2303aa5\" data-id=\"2303aa5\" data-element_type=\"column\" data-e-type=\"column\">\n\t\t\t<div class=\"elementor-widget-wrap elementor-element-populated\">\n\t\t\t\t\t\t<div class=\"elementor-element elementor-element-2fdbae7 elementor-widget elementor-widget-text-editor\" data-id=\"2fdbae7\" data-element_type=\"widget\" data-e-type=\"widget\" data-widget_type=\"text-editor.default\">\n\t\t\t\t<div class=\"elementor-widget-container\">\n\t\t\t\t\t\t\t\t\t<h2>Ihr Kontakt zu uns<\/h2><p>Wir sind telefonisch, per E-Mail sowie pers\u00f6nlich zu unseren Sprechzeiten f\u00fcr Sie erreichbar. F\u00fcr Routine-Termine k\u00f6nnen Sie unsere Online-Terminvergabe nutzen.<\/p><p><strong>Bitte lesen Sie unsere <a href=\"https:\/\/koenig-frauenheilkunde.de\/wp-content\/uploads\/2021\/01\/dsgvo_2018_praxisalltag.pdf\">Datenschutzerkl\u00e4rung f\u00fcr die Kontaktaufnahme<\/a> mit unserer Praxis.<\/strong><\/p><p><span style=\"color: var( --e-global-color-text );\">Dr. Lilian K\u00f6nig<br \/><\/span>Fach\u00e4rztin f\u00fcr Frauenheilkunde und Geburtshilfe<br \/>Adenauerallee 3a<br \/>61440 Oberursel<\/p><p><span style=\"color: var( --e-global-color-text );\">Telefon 06171 4325<br \/><\/span>E-Mail\u00a0<a href=\"mailto:praxis@koenig-frauenheilkunde.de\" target=\"_blank\" rel=\"noopener\"><span style=\"display:inline;unicode-bidi:bidi-override;direction:rtl;\" class=\"\">ed.ednukliehneuarf-gineok<span style=\"display:none;\">obfsctd-31a8b7<\/span>&#64;sixarp<\/span><\/a><\/p><h2>TERMINABSAGEN<\/h2><p>Sollten Sie einen Termin nicht wahrnehmen k\u00f6nnen, bitten wir Sie, diesen Termin mindestens\u00a024 Stunden vorher\u00a0abzusagen, damit wir den Termin an eine andere Patientin vergeben k\u00f6nnen.<\/p>\t\t\t\t\t\t\t\t<\/div>\n\t\t\t\t<\/div>\n\t\t\t\t\t<\/div>\n\t\t<\/div>\n\t\t\t\t\t<\/div>\n\t\t<\/section>\n\t\t\t\t<section class=\"elementor-section elementor-top-section elementor-element elementor-element-c5b85d7 gsap-animate-on-scroll elementor-section-boxed elementor-section-height-default elementor-section-height-default\" data-id=\"c5b85d7\" data-element_type=\"section\" data-e-type=\"section\" data-settings=\"{&quot;_ha_eqh_enable&quot;:false}\">\n\t\t\t\t\t\t<div class=\"elementor-container elementor-column-gap-default\">\n\t\t\t\t\t<div data-ha-element-link=\"{&quot;url&quot;:&quot;https:\\\/\\\/koenig-frauenheilkunde.de\\\/de\\\/kontakt-sprechzeiten-adresse-und-telefonnummer-der-praxis-fuer-gynaekologie-dr-lilian-koenig\\\/online-termine-termine-24-stunden-online-vereinbaren\\\/&quot;,&quot;is_external&quot;:&quot;&quot;,&quot;nofollow&quot;:&quot;&quot;}\" style=\"cursor: pointer\" class=\"elementor-column elementor-col-33 elementor-top-column elementor-element elementor-element-9139e89 column-light\" data-id=\"9139e89\" data-element_type=\"column\" data-e-type=\"column\" data-settings=\"{&quot;background_background&quot;:&quot;classic&quot;}\">\n\t\t\t<div class=\"elementor-widget-wrap elementor-element-populated\">\n\t\t\t\t\t\t<div class=\"elementor-element elementor-element-673c98a elementor-widget elementor-widget-heading\" data-id=\"673c98a\" data-element_type=\"widget\" data-e-type=\"widget\" data-widget_type=\"heading.default\">\n\t\t\t\t<div class=\"elementor-widget-container\">\n\t\t\t\t\t<h3 class=\"elementor-heading-title elementor-size-default\">Online-Terminvergabe<\/h3>\t\t\t\t<\/div>\n\t\t\t\t<\/div>\n\t\t\t\t<div class=\"elementor-element elementor-element-78bd812 elementor-widget elementor-widget-text-editor\" data-id=\"78bd812\" data-element_type=\"widget\" data-e-type=\"widget\" data-widget_type=\"text-editor.default\">\n\t\t\t\t<div class=\"elementor-widget-container\">\n\t\t\t\t\t\t\t\t\t<p>Unser Online-Terminvergabe steht Ihnen 365 Tage rund um die Uhr zur Verf\u00fcgung.<\/p>\t\t\t\t\t\t\t\t<\/div>\n\t\t\t\t<\/div>\n\t\t\t\t\t<\/div>\n\t\t<\/div>\n\t\t\t\t<div data-ha-element-link=\"{&quot;url&quot;:&quot;https:\\\/\\\/koenig-frauenheilkunde.de\\\/de\\\/kontakt-sprechzeiten-adresse-und-telefonnummer-der-praxis-fuer-gynaekologie-dr-lilian-koenig\\\/anfahrt-zur-praxis-fuer-frauenheilkunde-und-geburtshilfe-dr-lilian-koenig\\\/&quot;,&quot;is_external&quot;:&quot;&quot;,&quot;nofollow&quot;:&quot;&quot;}\" style=\"cursor: pointer\" class=\"elementor-column elementor-col-33 elementor-top-column elementor-element elementor-element-8cc865a column-light\" data-id=\"8cc865a\" data-element_type=\"column\" data-e-type=\"column\" data-settings=\"{&quot;background_background&quot;:&quot;classic&quot;}\">\n\t\t\t<div class=\"elementor-widget-wrap elementor-element-populated\">\n\t\t\t\t\t\t<div class=\"elementor-element elementor-element-e4b58f6 elementor-widget elementor-widget-heading\" data-id=\"e4b58f6\" data-element_type=\"widget\" data-e-type=\"widget\" data-widget_type=\"heading.default\">\n\t\t\t\t<div class=\"elementor-widget-container\">\n\t\t\t\t\t<h3 class=\"elementor-heading-title elementor-size-default\">Wie Sie uns finden<\/h3>\t\t\t\t<\/div>\n\t\t\t\t<\/div>\n\t\t\t\t<div class=\"elementor-element elementor-element-ba77239 elementor-widget elementor-widget-text-editor\" data-id=\"ba77239\" data-element_type=\"widget\" data-e-type=\"widget\" data-widget_type=\"text-editor.default\">\n\t\t\t\t<div class=\"elementor-widget-container\">\n\t\t\t\t\t\t\t\t\t<p>Unsere Praxis in Oberursel ist gut erreichbar: mit \u00f6ffentlichen Verkehrsmitteln und mit dem Auto.<\/p>\t\t\t\t\t\t\t\t<\/div>\n\t\t\t\t<\/div>\n\t\t\t\t\t<\/div>\n\t\t<\/div>\n\t\t\t\t<div data-ha-element-link=\"{&quot;url&quot;:&quot;https:\\\/\\\/koenig-frauenheilkunde.de\\\/de\\\/kontakt-sprechzeiten-adresse-und-telefonnummer-der-praxis-fuer-gynaekologie-dr-lilian-koenig\\\/&quot;,&quot;is_external&quot;:&quot;&quot;,&quot;nofollow&quot;:&quot;&quot;}\" style=\"cursor: pointer\" class=\"elementor-column elementor-col-33 elementor-top-column elementor-element elementor-element-5573fc9 column-light\" data-id=\"5573fc9\" data-element_type=\"column\" data-e-type=\"column\" data-settings=\"{&quot;background_background&quot;:&quot;classic&quot;}\">\n\t\t\t<div class=\"elementor-widget-wrap elementor-element-populated\">\n\t\t\t\t\t\t<div class=\"elementor-element elementor-element-e1a3e79 elementor-widget elementor-widget-heading\" data-id=\"e1a3e79\" data-element_type=\"widget\" data-e-type=\"widget\" data-widget_type=\"heading.default\">\n\t\t\t\t<div class=\"elementor-widget-container\">\n\t\t\t\t\t<h3 class=\"elementor-heading-title elementor-size-default\">Im Notfall<\/h3>\t\t\t\t<\/div>\n\t\t\t\t<\/div>\n\t\t\t\t<div class=\"elementor-element elementor-element-c6bd0ce elementor-widget elementor-widget-text-editor\" data-id=\"c6bd0ce\" data-element_type=\"widget\" data-e-type=\"widget\" data-widget_type=\"text-editor.default\">\n\t\t\t\t<div class=\"elementor-widget-container\">\n\t\t\t\t\t\t\t\t\t<p>F\u00fcr dringende Notf\u00e4lle haben wir montags und dienstags von 12:00\u201313:00 Uhr au\u00dferplanm\u00e4\u00dfig Zeit. Bitte vorher anrufen!<\/p>\t\t\t\t\t\t\t\t<\/div>\n\t\t\t\t<\/div>\n\t\t\t\t\t<\/div>\n\t\t<\/div>\n\t\t\t\t\t<\/div>\n\t\t<\/section>\n\t\t\t\t<section class=\"elementor-section elementor-top-section elementor-element elementor-element-0597c27 elementor-section-boxed elementor-section-height-default elementor-section-height-default\" data-id=\"0597c27\" data-element_type=\"section\" data-e-type=\"section\" data-settings=\"{&quot;_ha_eqh_enable&quot;:false}\">\n\t\t\t\t\t\t<div class=\"elementor-container elementor-column-gap-default\">\n\t\t\t\t\t<div class=\"elementor-column elementor-col-50 elementor-top-column elementor-element elementor-element-1fac6d9\" data-id=\"1fac6d9\" data-element_type=\"column\" data-e-type=\"column\">\n\t\t\t<div class=\"elementor-widget-wrap elementor-element-populated\">\n\t\t\t\t\t\t<div class=\"elementor-element elementor-element-2c0a2a6 elementor-widget elementor-widget-text-editor\" data-id=\"2c0a2a6\" data-element_type=\"widget\" data-e-type=\"widget\" data-widget_type=\"text-editor.default\">\n\t\t\t\t<div class=\"elementor-widget-container\">\n\t\t\t\t\t\t\t\t\t<h2>Wenn Sie schwanger sind &#8230;<\/h2><p>Wenn Sie schwanger sind, ist es besser, wenn Sie telefonisch mit uns Kontakt aufnehmen oder eine <a href=\"mailto:praxis@koenig-frauenheilkunde.de\" target=\"_blank\" rel=\"noopener\">E-Mail<\/a> schreiben. Wir bieten sehr kurzfristige Termine zur Blutentnahme und Mutterpass-Ausstellung immer montags, dienstags und mittwochs nach Vereinbarung am Vormittag zwischen 8 und 11 Uhr an. Die Schwangerschaftsfolgeuntersuchungen vereinbaren wir dann immer in der Praxis.<\/p><h2>Im Notfall<\/h2><p>F\u00fcr dringende Notf\u00e4lle haben wir montags und dienstags von 12:00\u201313:00 Uhr auch au\u00dferplanm\u00e4\u00dfig Zeit \u2013 aber bitte rufen Sie vorher an.<\/p>\t\t\t\t\t\t\t\t<\/div>\n\t\t\t\t<\/div>\n\t\t\t\t\t<\/div>\n\t\t<\/div>\n\t\t\t\t<div class=\"elementor-column elementor-col-50 elementor-top-column elementor-element elementor-element-a2d51d5\" data-id=\"a2d51d5\" data-element_type=\"column\" data-e-type=\"column\">\n\t\t\t<div class=\"elementor-widget-wrap elementor-element-populated\">\n\t\t\t\t\t\t<div class=\"elementor-element elementor-element-360d096 elementor-widget elementor-widget-text-editor\" data-id=\"360d096\" data-element_type=\"widget\" data-e-type=\"widget\" data-widget_type=\"text-editor.default\">\n\t\t\t\t<div class=\"elementor-widget-container\">\n\t\t\t\t\t\t\t\t\t<h2>Unser Service f\u00fcr Berufst\u00e4tige<\/h2><p>Jeden Donnerstag findet von 15:00\u201320:00 Uhr unsere Abendsprechstunde statt. Telefonisch sind wir allerdings nur bis 17:30 Uhr erreichbar.<\/p><h2>Kontakt per E-Mail<\/h2><p>Gerne k\u00f6nnen Sie uns eine Mitteilung per <a href=\"mailto:praxis@koenig-frauenheilkunde.de\" target=\"_blank\" rel=\"noopener\">E-Mail<\/a> schicken. Wir weisen jedoch darauf hin, dass die Daten\u00fcbertragung im Internet (z.\u00a0B. bei der Kommunikation per E-Mail) Sicherheitsl\u00fccken aufweisen kann. Ein l\u00fcckenloser Schutz der Daten vor dem Zugriff durch Dritte ist nicht m\u00f6glich.<\/p><p>Bitte haben Sie Verst\u00e4ndnis daf\u00fcr, dass wir auf E-Mails in der Regel nicht mit einer E-Mail antworten k\u00f6nnen und Ihnen insbesondere keine medizinischen Informationen \u00fcbermitteln k\u00f6nnen.<\/p>\t\t\t\t\t\t\t\t<\/div>\n\t\t\t\t<\/div>\n\t\t\t\t\t<\/div>\n\t\t<\/div>\n\t\t\t\t\t<\/div>\n\t\t<\/section>\n\t\t\t\t<\/div>\n\t\t","protected":false},"excerpt":{"rendered":"<p>Die Praxis f\u00fcr Frauenheilkunde und Geburtshilfe Dr. Lilian K\u00f6nig Unsere Sprechzeiten Unsere Praxis ist zu folgenden Zeiten f\u00fcr Sie ge\u00f6ffnet: Montag bis Freitag (vormittags)7:30 \u2013 12:00 Uhr Montag und Dienstag (nachmittags)14:30\u00a0\u2013\u00a017:30 Uhr Donnerstag (nachmittags)15:00\u00a0\u2013\u00a020:00 Uhr Weitere Termine nach Vereinbarung. Das\u00a0Praxisteam\u00a0ist f\u00fcr\u00a0telefonische Terminvereinbarungen\u00a0dankbar. Bitte besprechen Sie mit uns schon bei der Terminvereinbarung, welche Beschwerden Sie haben [&hellip;]<\/p>\n","protected":false},"author":5,"featured_media":0,"parent":0,"menu_order":3,"comment_status":"closed","ping_status":"closed","template":"","meta":{"footnotes":""},"class_list":["post-2571","page","type-page","status-publish","hentry"],"_links":{"self":[{"href":"https:\/\/koenig-frauenheilkunde.de\/de\/wp-json\/wp\/v2\/pages\/2571","targetHints":{"allow":["GET"]}}],"collection":[{"href":"https:\/\/koenig-frauenheilkunde.de\/de\/wp-json\/wp\/v2\/pages"}],"about":[{"href":"https:\/\/koenig-frauenheilkunde.de\/de\/wp-json\/wp\/v2\/types\/page"}],"author":[{"embeddable":true,"href":"https:\/\/koenig-frauenheilkunde.de\/de\/wp-json\/wp\/v2\/users\/5"}],"replies":[{"embeddable":true,"href":"https:\/\/koenig-frauenheilkunde.de\/de\/wp-json\/wp\/v2\/comments?post=2571"}],"version-history":[{"count":5,"href":"https:\/\/koenig-frauenheilkunde.de\/de\/wp-json\/wp\/v2\/pages\/2571\/revisions"}],"predecessor-version":[{"id":7210,"href":"https:\/\/koenig-frauenheilkunde.de\/de\/wp-json\/wp\/v2\/pages\/2571\/revisions\/7210"}],"wp:attachment":[{"href":"https:\/\/koenig-frauenheilkunde.de\/de\/wp-json\/wp\/v2\/media?parent=2571"}],"curies":[{"name":"wp","href":"https:\/\/api.w.org\/{rel}","templated":true}]}}