{"id":3380,"date":"2020-12-14T17:29:41","date_gmt":"2020-12-14T16:29:11","guid":{"rendered":"https:\/\/koenig-frauenheilkunde.de\/?page_id=3380"},"modified":"2021-01-19T14:03:07","modified_gmt":"2021-01-19T13:03:07","slug":"dr-lilian-koenig-fachaerztin-fuer-frauenheilkunde-und-gynaekologie-in-oberursel","status":"publish","type":"page","link":"https:\/\/koenig-frauenheilkunde.de\/de\/ueber-uns\/dr-lilian-koenig-fachaerztin-fuer-frauenheilkunde-und-gynaekologie-in-oberursel\/","title":{"rendered":"Dr. Lilian K\u00f6nig \u2013 Fach\u00e4rztin f\u00fcr Frauenheilkunde und Gyn\u00e4kologie in Oberursel"},"content":{"rendered":"\t\t<div data-elementor-type=\"wp-page\" data-elementor-id=\"3380\" class=\"elementor elementor-3380\" data-elementor-settings=\"{&quot;ha_cmc_init_switcher&quot;:&quot;no&quot;}\" data-elementor-post-type=\"page\">\n\t\t\t\t\t\t<section class=\"elementor-section elementor-top-section elementor-element elementor-element-8514bd7 elementor-section-boxed elementor-section-height-default elementor-section-height-default\" data-id=\"8514bd7\" data-element_type=\"section\" data-e-type=\"section\" data-settings=\"{&quot;_ha_eqh_enable&quot;:false}\">\n\t\t\t\t\t\t<div class=\"elementor-container elementor-column-gap-default\">\n\t\t\t\t\t<div class=\"elementor-column elementor-col-100 elementor-top-column elementor-element elementor-element-ba1ad74\" data-id=\"ba1ad74\" data-element_type=\"column\" data-e-type=\"column\">\n\t\t\t<div class=\"elementor-widget-wrap elementor-element-populated\">\n\t\t\t\t\t\t<div class=\"elementor-element elementor-element-4aeb8df elementor-widget elementor-widget-heading\" data-id=\"4aeb8df\" data-element_type=\"widget\" data-e-type=\"widget\" data-widget_type=\"heading.default\">\n\t\t\t\t<div class=\"elementor-widget-container\">\n\t\t\t\t\t<h1 class=\"elementor-heading-title elementor-size-default\">Dr. Lilian K\u00f6nig \u2013 mit Leidenschaft \u00c4rztin<\/h1>\t\t\t\t<\/div>\n\t\t\t\t<\/div>\n\t\t\t\t<div class=\"elementor-element elementor-element-dbce334 elementor-widget elementor-widget-text-editor\" data-id=\"dbce334\" data-element_type=\"widget\" data-e-type=\"widget\" data-widget_type=\"text-editor.default\">\n\t\t\t\t<div class=\"elementor-widget-container\">\n\t\t\t\t\t\t\t\t\t<p>Ich bin 1967 in Hamburg geboren.<\/p><p>Das Studium der Medizin habe ich in Frankfurt am Main an der Johann Wolfgang Goethe-Universit\u00e4t absolviert. Ich habe w\u00e4hrend des Studiums und durch Famulaturen in den Fachgebieten Orthop\u00e4die, H\u00e4matologie-Onkologie, Kinderheilkunde, Innere Medizin sowie Gyn\u00e4kologie umfassende Kenntnisse erworben.<\/p><p>1996 erhielt ich meine Approbation und promovierte auch in diesem Jahr. Das Thema der Promotion lautete: \u201eInteraktion zwischen Studenten und Patienten im Anamnesegespr\u00e4ch \u2013 Verhaltensbeobachtung und Analyse des Gespr\u00e4chsverhaltens unter Einbeziehung bewusster und unbewusster Einstellungen\u201d.<\/p>\t\t\t\t\t\t\t\t<\/div>\n\t\t\t\t<\/div>\n\t\t\t\t\t<\/div>\n\t\t<\/div>\n\t\t\t\t\t<\/div>\n\t\t<\/section>\n\t\t\t\t<section class=\"elementor-section elementor-top-section elementor-element elementor-element-bfb691c elementor-section-boxed elementor-section-height-default elementor-section-height-default\" data-id=\"bfb691c\" data-element_type=\"section\" data-e-type=\"section\" data-settings=\"{&quot;_ha_eqh_enable&quot;:false}\">\n\t\t\t\t\t\t<div class=\"elementor-container elementor-column-gap-default\">\n\t\t\t\t\t<div class=\"elementor-column elementor-col-100 elementor-top-column elementor-element elementor-element-0f19e74\" data-id=\"0f19e74\" data-element_type=\"column\" data-e-type=\"column\">\n\t\t\t<div class=\"elementor-widget-wrap elementor-element-populated\">\n\t\t\t\t\t\t<div class=\"elementor-element elementor-element-b3744ac elementor-widget elementor-widget-accordion\" data-id=\"b3744ac\" data-element_type=\"widget\" data-e-type=\"widget\" data-widget_type=\"accordion.default\">\n\t\t\t\t<div class=\"elementor-widget-container\">\n\t\t\t\t\t\t\t<div class=\"elementor-accordion\">\n\t\t\t\t\t\t\t<div class=\"elementor-accordion-item\">\n\t\t\t\t\t<div id=\"elementor-tab-title-1881\" class=\"elementor-tab-title\" data-tab=\"1\" role=\"button\" aria-controls=\"elementor-tab-content-1881\" aria-expanded=\"false\">\n\t\t\t\t\t\t\t\t\t\t\t\t\t<span class=\"elementor-accordion-icon elementor-accordion-icon-left\" aria-hidden=\"true\">\n\t\t\t\t\t\t\t\t\t\t\t\t\t\t\t<span class=\"elementor-accordion-icon-closed\"><i class=\"fas fa-plus\"><\/i><\/span>\n\t\t\t\t\t\t\t\t<span class=\"elementor-accordion-icon-opened\"><i class=\"fas fa-minus\"><\/i><\/span>\n\t\t\t\t\t\t\t\t\t\t\t\t\t\t<\/span>\n\t\t\t\t\t\t\t\t\t\t\t\t<a class=\"elementor-accordion-title\" tabindex=\"0\">Akkordeon Nr. 1<\/a>\n\t\t\t\t\t<\/div>\n\t\t\t\t\t<div id=\"elementor-tab-content-1881\" class=\"elementor-tab-content elementor-clearfix\" data-tab=\"1\" role=\"region\" aria-labelledby=\"elementor-tab-title-1881\">Lorem ipsum dolor sit amet, consectetur adipiscing elit. Ut elit tellus, luctus nec ullamcorper mattis, pulvinar dapibus leo.<\/div>\n\t\t\t\t<\/div>\n\t\t\t\t\t\t\t<div class=\"elementor-accordion-item\">\n\t\t\t\t\t<div id=\"elementor-tab-title-1882\" class=\"elementor-tab-title\" data-tab=\"2\" role=\"button\" aria-controls=\"elementor-tab-content-1882\" aria-expanded=\"false\">\n\t\t\t\t\t\t\t\t\t\t\t\t\t<span class=\"elementor-accordion-icon elementor-accordion-icon-left\" aria-hidden=\"true\">\n\t\t\t\t\t\t\t\t\t\t\t\t\t\t\t<span class=\"elementor-accordion-icon-closed\"><i class=\"fas fa-plus\"><\/i><\/span>\n\t\t\t\t\t\t\t\t<span class=\"elementor-accordion-icon-opened\"><i class=\"fas fa-minus\"><\/i><\/span>\n\t\t\t\t\t\t\t\t\t\t\t\t\t\t<\/span>\n\t\t\t\t\t\t\t\t\t\t\t\t<a class=\"elementor-accordion-title\" tabindex=\"0\">MEDIZIN OHNE GRENZEN<\/a>\n\t\t\t\t\t<\/div>\n\t\t\t\t\t<div id=\"elementor-tab-content-1882\" class=\"elementor-tab-content elementor-clearfix\" data-tab=\"2\" role=\"region\" aria-labelledby=\"elementor-tab-title-1882\"><p>In Indien habe ich in einem Krankenhaus in Kerala im Bereich Gyn\u00e4kologie und Innere Medizin gearbeitet. In den USA war ich an der Loma Linda University in der N\u00e4he von Los Angeles in der Strahlentherapie t\u00e4tig.<\/p><p>Nach dem Studium habe ich mein Praktisches Jahr an der Universit\u00e4tsklinik in Frankfurt am Main, in Grenchen (Schweiz) und Boston (USA) an der Harvard Medical School verbracht.<\/p><\/div>\n\t\t\t\t<\/div>\n\t\t\t\t\t\t\t<div class=\"elementor-accordion-item\">\n\t\t\t\t\t<div id=\"elementor-tab-title-1883\" class=\"elementor-tab-title\" data-tab=\"3\" role=\"button\" aria-controls=\"elementor-tab-content-1883\" aria-expanded=\"false\">\n\t\t\t\t\t\t\t\t\t\t\t\t\t<span class=\"elementor-accordion-icon elementor-accordion-icon-left\" aria-hidden=\"true\">\n\t\t\t\t\t\t\t\t\t\t\t\t\t\t\t<span class=\"elementor-accordion-icon-closed\"><i class=\"fas fa-plus\"><\/i><\/span>\n\t\t\t\t\t\t\t\t<span class=\"elementor-accordion-icon-opened\"><i class=\"fas fa-minus\"><\/i><\/span>\n\t\t\t\t\t\t\t\t\t\t\t\t\t\t<\/span>\n\t\t\t\t\t\t\t\t\t\t\t\t<a class=\"elementor-accordion-title\" tabindex=\"0\">LANGJ\u00c4HRIGE ERFAHRUNG<\/a>\n\t\t\t\t\t<\/div>\n\t\t\t\t\t<div id=\"elementor-tab-content-1883\" class=\"elementor-tab-content elementor-clearfix\" data-tab=\"3\" role=\"region\" aria-labelledby=\"elementor-tab-title-1883\"><p>Nach Stationen als \u00c4rztin im Kreiskrankenhaus Seligenstadt und im St. Vinzenz-Krankenhaus in Hanau habe ich im September 2002 meine Facharztpr\u00fcfung abgelegt.<\/p><p>Im April 2003 habe ich als Fach\u00e4rztin f\u00fcr Frauenheilkunde und Geburtshilfe die Praxis von Dr. Volker Sieglaff in Oberursel \u00fcbernommen.<\/p><\/div>\n\t\t\t\t<\/div>\n\t\t\t\t\t\t\t<div class=\"elementor-accordion-item\">\n\t\t\t\t\t<div id=\"elementor-tab-title-1884\" class=\"elementor-tab-title\" data-tab=\"4\" role=\"button\" aria-controls=\"elementor-tab-content-1884\" aria-expanded=\"false\">\n\t\t\t\t\t\t\t\t\t\t\t\t\t<span class=\"elementor-accordion-icon elementor-accordion-icon-left\" aria-hidden=\"true\">\n\t\t\t\t\t\t\t\t\t\t\t\t\t\t\t<span class=\"elementor-accordion-icon-closed\"><i class=\"fas fa-plus\"><\/i><\/span>\n\t\t\t\t\t\t\t\t<span class=\"elementor-accordion-icon-opened\"><i class=\"fas fa-minus\"><\/i><\/span>\n\t\t\t\t\t\t\t\t\t\t\t\t\t\t<\/span>\n\t\t\t\t\t\t\t\t\t\t\t\t<a class=\"elementor-accordion-title\" tabindex=\"0\">QUALIFIKATIONEN, FORT- UND WEITERBILDUNG<\/a>\n\t\t\t\t\t<\/div>\n\t\t\t\t\t<div id=\"elementor-tab-content-1884\" class=\"elementor-tab-content elementor-clearfix\" data-tab=\"4\" role=\"region\" aria-labelledby=\"elementor-tab-title-1884\"><p>\u00dcber die <a href=\"https:\/\/www.degum.de\/\" target=\"_blank\" rel=\"noopener noreferrer nofollow\">Deutsche Gesellschaft f\u00fcr Ultraschall in der Medizin (DEGUM)<\/a> zertifiziere ich mich regelm\u00e4\u00dfig als \u201eDEGUM \u2013 Stufe 1\u201d f\u00fcr das Gebiet \u201eGyn\u00e4kologie und Geburtshilfe\u201d.<\/p><p>Des Weiteren nehme ich regelm\u00e4\u00dfig an Intensivkursen f\u00fcr spezielle Fehlbildungsdiagnostik in der Schwangerschaft sowie Intensivkurse in Mammadiagnostik teil. Diese Kurse sind DEGUM-zertifiziert.<\/p><p>Die <a href=\"https:\/\/www.fmf-deutschland.info\/de\/\" target=\"_blank\" rel=\"noopener noreferrer nofollow\">Fetal Medicine Foundation Deutschland (FMF)<\/a> hat mich als \u00c4rztin f\u00fcr Ersttrimester-Screening zertifiziert. Diese Zertifizierung findet j\u00e4hrlich statt.<\/p><p>Im Rahmen der KV Hessen bin ich f\u00fcr das erweiterte Basis-Screening im zweiten Trimenon, f\u00fcr die Durchf\u00fchrung der geburtshilflichen Doppleruntersuchung sowie f\u00fcr die Mammasonographie zugelassen.<\/p><p>F\u00fcr das gro\u00dfe Fachgebiet Brustkrebs nehme ich mehrmals j\u00e4hrlich an gro\u00dfen Tumorkonferenzen und Qualit\u00e4tszirkeln teil und bin DMP-\u00c4rztin.<\/p><p>Nach langj\u00e4hriger Kolposkopie-Erfahrung habe ich 2020 das Kolposkopie-Diplom der <a href=\"https:\/\/www.ag-cpc.de\/\" target=\"_blank\" rel=\"noopener noreferrer nofollow\">AG-CPC<\/a> abgeschlossen und die Zulassung der KV Hessen f\u00fcr die neue Dysplasiesprechstunde erhalten.<\/p><p>Selbstverst\u00e4ndlich geh\u00f6ren auch Literaturrecherchen sowie Fortbildungen in Zytologie, Hormondiagnostik und Hormontherapie zu den regelm\u00e4\u00dfigen Fortbildungsma\u00dfnahmen.<\/p><p>Um gerade junge M\u00e4dchen angemessen zu behandeln, habe ich die Spezialfortbildung \u201eM\u00e4dchensprechstunde\u201d besucht.<\/p><\/div>\n\t\t\t\t<\/div>\n\t\t\t\t\t\t\t<div class=\"elementor-accordion-item\">\n\t\t\t\t\t<div id=\"elementor-tab-title-1885\" class=\"elementor-tab-title\" data-tab=\"5\" role=\"button\" aria-controls=\"elementor-tab-content-1885\" aria-expanded=\"false\">\n\t\t\t\t\t\t\t\t\t\t\t\t\t<span class=\"elementor-accordion-icon elementor-accordion-icon-left\" aria-hidden=\"true\">\n\t\t\t\t\t\t\t\t\t\t\t\t\t\t\t<span class=\"elementor-accordion-icon-closed\"><i class=\"fas fa-plus\"><\/i><\/span>\n\t\t\t\t\t\t\t\t<span class=\"elementor-accordion-icon-opened\"><i class=\"fas fa-minus\"><\/i><\/span>\n\t\t\t\t\t\t\t\t\t\t\t\t\t\t<\/span>\n\t\t\t\t\t\t\t\t\t\t\t\t<a class=\"elementor-accordion-title\" tabindex=\"0\">ENGAGEMENT<\/a>\n\t\t\t\t\t<\/div>\n\t\t\t\t\t<div id=\"elementor-tab-content-1885\" class=\"elementor-tab-content elementor-clearfix\" data-tab=\"5\" role=\"region\" aria-labelledby=\"elementor-tab-title-1885\"><p>Ich bin Mitglied in folgenden Organisationen und Verb\u00e4nden:<\/p><p><a href=\"https:\/\/www.laekh.de\/\" target=\"_blank\" rel=\"noopener noreferrer nofollow\">Landes\u00e4rztekammer Hessen<\/a><\/p><p><a href=\"https:\/\/www.kvhessen.de\/\" target=\"_blank\" rel=\"noopener noreferrer nofollow\">Kassen\u00e4rztliche Vereinigung Hessen<\/a><\/p><p><a href=\"https:\/\/www.degum.de\/\" target=\"_blank\" rel=\"noopener noreferrer nofollow\">Mitglied der Deutschen Gesellschaft f\u00fcr Ultraschall in der Medizin (DEGUM)<\/a><\/p><p><a href=\"https:\/\/www.hartmannbund.de\/\" target=\"_blank\" rel=\"noopener noreferrer nofollow\">Mitglied des Hartmannbundes<\/a><\/p><p><a href=\"https:\/\/www.praxisnetzhochtaunus.de\/\" target=\"_blank\" rel=\"noopener noreferrer nofollow\">Mitglied des Praxisnetz Hochtaunus<\/a><\/p><\/div>\n\t\t\t\t<\/div>\n\t\t\t\t\t\t\t\t<\/div>\n\t\t\t\t\t\t<\/div>\n\t\t\t\t<\/div>\n\t\t\t\t\t<\/div>\n\t\t<\/div>\n\t\t\t\t\t<\/div>\n\t\t<\/section>\n\t\t\t\t<\/div>\n\t\t","protected":false},"excerpt":{"rendered":"<p>Dr. Lilian K\u00f6nig \u2013 mit Leidenschaft \u00c4rztin Ich bin 1967 in Hamburg geboren. Das Studium der Medizin habe ich in Frankfurt am Main an der Johann Wolfgang Goethe-Universit\u00e4t absolviert. Ich habe w\u00e4hrend des Studiums und durch Famulaturen in den Fachgebieten Orthop\u00e4die, H\u00e4matologie-Onkologie, Kinderheilkunde, Innere Medizin sowie Gyn\u00e4kologie umfassende Kenntnisse erworben. 1996 erhielt ich meine Approbation [&hellip;]<\/p>\n","protected":false},"author":6,"featured_media":0,"parent":132,"menu_order":0,"comment_status":"closed","ping_status":"closed","template":"","meta":{"footnotes":""},"class_list":["post-3380","page","type-page","status-publish","hentry"],"_links":{"self":[{"href":"https:\/\/koenig-frauenheilkunde.de\/de\/wp-json\/wp\/v2\/pages\/3380","targetHints":{"allow":["GET"]}}],"collection":[{"href":"https:\/\/koenig-frauenheilkunde.de\/de\/wp-json\/wp\/v2\/pages"}],"about":[{"href":"https:\/\/koenig-frauenheilkunde.de\/de\/wp-json\/wp\/v2\/types\/page"}],"author":[{"embeddable":true,"href":"https:\/\/koenig-frauenheilkunde.de\/de\/wp-json\/wp\/v2\/users\/6"}],"replies":[{"embeddable":true,"href":"https:\/\/koenig-frauenheilkunde.de\/de\/wp-json\/wp\/v2\/comments?post=3380"}],"version-history":[{"count":3,"href":"https:\/\/koenig-frauenheilkunde.de\/de\/wp-json\/wp\/v2\/pages\/3380\/revisions"}],"predecessor-version":[{"id":6327,"href":"https:\/\/koenig-frauenheilkunde.de\/de\/wp-json\/wp\/v2\/pages\/3380\/revisions\/6327"}],"up":[{"embeddable":true,"href":"https:\/\/koenig-frauenheilkunde.de\/de\/wp-json\/wp\/v2\/pages\/132"}],"wp:attachment":[{"href":"https:\/\/koenig-frauenheilkunde.de\/de\/wp-json\/wp\/v2\/media?parent=3380"}],"curies":[{"name":"wp","href":"https:\/\/api.w.org\/{rel}","templated":true}]}}