{"id":3524,"date":"2020-12-15T15:19:41","date_gmt":"2020-12-15T14:19:36","guid":{"rendered":"https:\/\/koenig-frauenheilkunde.de\/?page_id=3524"},"modified":"2021-03-11T16:10:55","modified_gmt":"2021-03-11T15:10:55","slug":"hormontherapie-behandlung-von-beschwerden-waehrend-der-wechseljahre","status":"publish","type":"page","link":"https:\/\/koenig-frauenheilkunde.de\/de\/leistungen\/hormontherapie-behandlung-von-beschwerden-waehrend-der-wechseljahre\/","title":{"rendered":"HORMONTHERAPIE \u2013 Behandlung von Beschwerden w\u00e4hrend der Wechseljahre"},"content":{"rendered":"\t\t<div data-elementor-type=\"wp-page\" data-elementor-id=\"3524\" class=\"elementor elementor-3524\" data-elementor-settings=\"{&quot;ha_cmc_init_switcher&quot;:&quot;no&quot;}\" data-elementor-post-type=\"page\">\n\t\t\t\t\t\t<section class=\"elementor-section elementor-top-section elementor-element elementor-element-8514bd7 elementor-section-boxed elementor-section-height-default elementor-section-height-default\" data-id=\"8514bd7\" data-element_type=\"section\" data-e-type=\"section\" data-settings=\"{&quot;_ha_eqh_enable&quot;:false}\">\n\t\t\t\t\t\t<div class=\"elementor-container elementor-column-gap-default\">\n\t\t\t\t\t<div class=\"elementor-column elementor-col-100 elementor-top-column elementor-element elementor-element-ba1ad74\" data-id=\"ba1ad74\" data-element_type=\"column\" data-e-type=\"column\">\n\t\t\t<div class=\"elementor-widget-wrap elementor-element-populated\">\n\t\t\t\t\t\t<div class=\"elementor-element elementor-element-4aeb8df elementor-widget elementor-widget-heading\" data-id=\"4aeb8df\" data-element_type=\"widget\" data-e-type=\"widget\" data-widget_type=\"heading.default\">\n\t\t\t\t<div class=\"elementor-widget-container\">\n\t\t\t\t\t<h1 class=\"elementor-heading-title elementor-size-default\">Ein kontroverses Thema: die Hormontherapie<\/h1>\t\t\t\t<\/div>\n\t\t\t\t<\/div>\n\t\t\t\t<div class=\"elementor-element elementor-element-dbce334 elementor-widget elementor-widget-text-editor\" data-id=\"dbce334\" data-element_type=\"widget\" data-e-type=\"widget\" data-widget_type=\"text-editor.default\">\n\t\t\t\t<div class=\"elementor-widget-container\">\n\t\t\t\t\t\t\t\t\t<p>Eine Hormontherapie kann beispielsweise bei vegetativen Beschwerden w\u00e4hrend der Wechseljahre sowie Zyklusst\u00f6rungen Anwendung finden.<\/p><h2>Es gibt viele gute Gr\u00fcne f\u00fcr eine Hormontherapie<\/h2><p>So k\u00f6nnen zum Beispiel Blutungsst\u00f6rungen durch den Einsatz von Hormonen normalisiert werden. Hormone haben einen positiven Effekt auf Haut und Haare. In jungen Jahren kann durch manche Pillen Akne verbessert und sp\u00e4ter \u2013 nach den Wechseljahren \u2013 Faltenbildung reduziert werden (Anti-Aging). Auch die Trockenheit im Genitalbereich und eine Blasenschw\u00e4che k\u00f6nnen durch \u00d6strogensalbe gebessert werden. Der Osteoporose, die bei Frauen nach den Wechseljahren oft sehr rasch voranschreitet, wird durch Hormone entgegengewirkt. Das Risiko einer Schenkelhalsfraktur (\u201eOberschenkelhalsbruch\u201d) oder das von Wirbelk\u00f6rperbr\u00fcchen wird vermindert.<\/p><p>Eine Hormonersatztherapie verbessert das Wohlbefinden in den Wechseljahren. Hitzewallungen, Schlafst\u00f6rungen und Stimmungsschwankungen, die durch den pl\u00f6tzlichen Hormonmangel in den Wechseljahren entstehen, k\u00f6nnen vollst\u00e4ndig verschwinden.<\/p><p>Es gibt verschiedene M\u00f6glichkeiten der Applikation von Hormonen: Pflaster, Tabletten, Gele und Vaginalsalben. Manchmal gibt es auch Behandlungsm\u00f6glichkeiten mit pflanzlichen Mitteln.<\/p><h2>Es gibt auch Gr\u00fcnde gegen eine Hormontherapie<\/h2><p>Hier steht insbesondere die Diskussion um die Erh\u00f6hung des Krebsrisikos im Vordergrund. Es gibt eine leichte Zunahme des Brustkrebsrisikos. Es hat sich aber gezeigt, dass die mit Hormonen behandelten Frauen meist durch verbesserte Fr\u00fcherkennung und weniger aggressiv wachsende Tumore bessere Behandlungsaussichten haben.<\/p><h3>Wenn Hormontherapie, dann regelm\u00e4\u00dfige Krebsvorsorge<\/h3><p>Wir wissen, dass \u00d6strogene das Wachstum von Zellen stimulieren, und dass Tumorzellen, die schon im K\u00f6rper entstanden sind, in ihrem Wachstum angeregt werden. Zur Hormontherapie geh\u00f6rt also unbedingt auch eine regelm\u00e4\u00dfige gyn\u00e4kologische Krebsvorsorge. Bei regelm\u00e4\u00dfiger Kontrolle kann aber Brustkrebs, falls er auftreten sollte, in einem fr\u00fchen Stadium erkannt werden, in dem er heilbar sein kann. Auch das Thromboserisiko kann durch eine Hormontherapie ansteigen. Bei bestimmten Herz- und Gef\u00e4\u00dferkrankungen sollten Hormone nur bei dringender Indikation gegeben werden.<\/p><h3>Das A und O: Risiken und Nutzen abw\u00e4gen<\/h3><p>Wichtig ist also, dass eine Hormontherapie sehr \u00fcberlegt und differenziert durchgef\u00fchrt wird. Bitte besprechen Sie Ihre W\u00fcnsche mit mir: Welche behandlungsbed\u00fcrftigen Symptome liegen vor, welche Vorerkrankungen m\u00fcssen wir beachten?<\/p><p>Ich kann Sie umfassend beraten, sodass im Anschluss eine gemeinsame Entscheidung m\u00f6glich ist. Nicht jede Frau braucht Hormone, aber die, die sie braucht, soll die f\u00fcr sie optimale Therapie erhalten.<\/p>\t\t\t\t\t\t\t\t<\/div>\n\t\t\t\t<\/div>\n\t\t\t\t\t<\/div>\n\t\t<\/div>\n\t\t\t\t\t<\/div>\n\t\t<\/section>\n\t\t\t\t<section class=\"elementor-section elementor-top-section elementor-element elementor-element-754ace8 elementor-section-boxed elementor-section-height-default elementor-section-height-default\" data-id=\"754ace8\" data-element_type=\"section\" data-e-type=\"section\" data-settings=\"{&quot;_ha_eqh_enable&quot;:false}\">\n\t\t\t\t\t\t<div class=\"elementor-container elementor-column-gap-default\">\n\t\t\t\t\t<div class=\"elementor-column elementor-col-100 elementor-top-column elementor-element elementor-element-9fe568c\" data-id=\"9fe568c\" data-element_type=\"column\" data-e-type=\"column\">\n\t\t\t<div class=\"elementor-widget-wrap elementor-element-populated\">\n\t\t\t\t\t\t<div class=\"elementor-element elementor-element-563b7f7 elementor-widget elementor-widget-heading\" data-id=\"563b7f7\" data-element_type=\"widget\" data-e-type=\"widget\" data-widget_type=\"heading.default\">\n\t\t\t\t<div class=\"elementor-widget-container\">\n\t\t\t\t\t<h3 class=\"elementor-heading-title elementor-size-default\">\u00d6strogene wirken auf verschiedene Organe<\/h3>\t\t\t\t<\/div>\n\t\t\t\t<\/div>\n\t\t\t\t<div class=\"elementor-element elementor-element-672c67d elementor-widget elementor-widget-heading\" data-id=\"672c67d\" data-element_type=\"widget\" data-e-type=\"widget\" data-widget_type=\"heading.default\">\n\t\t\t\t<div class=\"elementor-widget-container\">\n\t\t\t\t\t<p class=\"elementor-heading-title elementor-size-default\">Wo und wie wirken Hormone?<\/p>\t\t\t\t<\/div>\n\t\t\t\t<\/div>\n\t\t\t\t<div class=\"elementor-element elementor-element-65c39f5 elementor-widget elementor-widget-ha-horizontal-timeline happy-addon ha-horizontal-timeline\" data-id=\"65c39f5\" data-element_type=\"widget\" data-e-type=\"widget\" data-settings=\"{&quot;slides_to_show_tablet&quot;:&quot;2&quot;,&quot;slides_to_show_mobile&quot;:&quot;1&quot;,&quot;animation_speed&quot;:800,&quot;loop&quot;:&quot;yes&quot;,&quot;slides_to_show&quot;:3}\" data-widget_type=\"ha-horizontal-timeline.default\">\n\t\t\t\t<div class=\"elementor-widget-container\">\n\t\t\t\t\t\t\t<div class=\"ha-horizontal-timeline-wrapper ha-carousel\">\n\n\t\t\t\t\t\t\t<div class=\"ha-horizontal-timeline-block elementor-repeater-item-49323fe\">\n\t\t\t\t\t<div class=\"ha-horizontal-timeline-icon-box\">\n\n\t\t\t\t\t\t<span class=\"ha-horizontal-timeline-date\">GEHIRN<\/span>\n\n\t\t\t\t\t\t<div class=\"ha-horizontal-timeline-top-inner\">\n\t\t\t\t\t\t\t\t\t\t\t\t\t\t\t<div class=\"ha-horizontal-timeline-icon\">\n\t\t\t\t\t\t\t\t\t<i aria-hidden=\"true\" class=\"fas fa-brain\"><\/i>\t\t\t\t\t\t\t\t<\/div>\n\t\t\t\t\t\t\t\t\t\t\t\t\t\t<div class=\"ha-horizontal-timeline-tree\"><\/div>\n\t\t\t\t\t\t<\/div>\n\t\t\t\t\t<\/div>\n\n\t\t\t\t\t<div class=\"ha-horizontal-timeline-content\">\n\n\t\t\t\t\t\t\t\t\t\t\t\t\t<div class=\"ha-horizontal-timeline-arrow\"><\/div>\n\t\t\t\t\t\t\n\t\t\t\t\t\t<div class=\"ha-horizontal-timeline-inner\">\n\t\t\t\t\t\t\t\n\t\t\t\t\t\t\t\n\t\t\t\t\t\t\t\n\t\t\t\t\t\t\t<div class=\"ha-horizontal-timeline-description\">Das Ged\u00e4chtnis wird verbessert, m\u00f6glicherweise kann der Alzheimer-Erkrankung vorgebeugt werden.<\/div>\t\t\t\t\t\t<\/div>\n\t\t\t\t\t<\/div>\n\t\t\t\t<\/div>\n\n\t\t\t\t\t\t\t<div class=\"ha-horizontal-timeline-block elementor-repeater-item-412ffa1\">\n\t\t\t\t\t<div class=\"ha-horizontal-timeline-icon-box\">\n\n\t\t\t\t\t\t<span class=\"ha-horizontal-timeline-date\">HAARE<\/span>\n\n\t\t\t\t\t\t<div class=\"ha-horizontal-timeline-top-inner\">\n\t\t\t\t\t\t\t\t\t\t\t\t\t\t\t<div class=\"ha-horizontal-timeline-icon\">\n\t\t\t\t\t\t\t\t\t<i aria-hidden=\"true\" class=\"fas fa-female\"><\/i>\t\t\t\t\t\t\t\t<\/div>\n\t\t\t\t\t\t\t\t\t\t\t\t\t\t<div class=\"ha-horizontal-timeline-tree\"><\/div>\n\t\t\t\t\t\t<\/div>\n\t\t\t\t\t<\/div>\n\n\t\t\t\t\t<div class=\"ha-horizontal-timeline-content\">\n\n\t\t\t\t\t\t\t\t\t\t\t\t\t<div class=\"ha-horizontal-timeline-arrow\"><\/div>\n\t\t\t\t\t\t\n\t\t\t\t\t\t<div class=\"ha-horizontal-timeline-inner\">\n\t\t\t\t\t\t\t\n\t\t\t\t\t\t\t\n\t\t\t\t\t\t\t\n\t\t\t\t\t\t\t<div class=\"ha-horizontal-timeline-description\">Eventueller Haarausfall kann gemindert werden.<\/div>\t\t\t\t\t\t<\/div>\n\t\t\t\t\t<\/div>\n\t\t\t\t<\/div>\n\n\t\t\t\t\t\t\t<div class=\"ha-horizontal-timeline-block elementor-repeater-item-786a34e\">\n\t\t\t\t\t<div class=\"ha-horizontal-timeline-icon-box\">\n\n\t\t\t\t\t\t<span class=\"ha-horizontal-timeline-date\">AUGEN<\/span>\n\n\t\t\t\t\t\t<div class=\"ha-horizontal-timeline-top-inner\">\n\t\t\t\t\t\t\t\t\t\t\t\t\t\t\t<div class=\"ha-horizontal-timeline-icon\">\n\t\t\t\t\t\t\t\t\t<i aria-hidden=\"true\" class=\"fas fa-eye\"><\/i>\t\t\t\t\t\t\t\t<\/div>\n\t\t\t\t\t\t\t\t\t\t\t\t\t\t<div class=\"ha-horizontal-timeline-tree\"><\/div>\n\t\t\t\t\t\t<\/div>\n\t\t\t\t\t<\/div>\n\n\t\t\t\t\t<div class=\"ha-horizontal-timeline-content\">\n\n\t\t\t\t\t\t\t\t\t\t\t\t\t<div class=\"ha-horizontal-timeline-arrow\"><\/div>\n\t\t\t\t\t\t\n\t\t\t\t\t\t<div class=\"ha-horizontal-timeline-inner\">\n\t\t\t\t\t\t\t\n\t\t\t\t\t\t\t\n\t\t\t\t\t\t\t\n\t\t\t\t\t\t\t<div class=\"ha-horizontal-timeline-description\">Trockene Augen und ein Reibegef\u00fchl, das nach den Wechseljahren auftritt, k\u00f6nnen gemindert werden.<\/div>\t\t\t\t\t\t<\/div>\n\t\t\t\t\t<\/div>\n\t\t\t\t<\/div>\n\n\t\t\t\t\t\t\t<div class=\"ha-horizontal-timeline-block elementor-repeater-item-5b08ce3\">\n\t\t\t\t\t<div class=\"ha-horizontal-timeline-icon-box\">\n\n\t\t\t\t\t\t<span class=\"ha-horizontal-timeline-date\">BRUST<\/span>\n\n\t\t\t\t\t\t<div class=\"ha-horizontal-timeline-top-inner\">\n\t\t\t\t\t\t\t\t\t\t\t\t\t\t\t<div class=\"ha-horizontal-timeline-icon\">\n\t\t\t\t\t\t\t\t\t<i aria-hidden=\"true\" class=\"fas fa-female\"><\/i>\t\t\t\t\t\t\t\t<\/div>\n\t\t\t\t\t\t\t\t\t\t\t\t\t\t<div class=\"ha-horizontal-timeline-tree\"><\/div>\n\t\t\t\t\t\t<\/div>\n\t\t\t\t\t<\/div>\n\n\t\t\t\t\t<div class=\"ha-horizontal-timeline-content\">\n\n\t\t\t\t\t\t\t\t\t\t\t\t\t<div class=\"ha-horizontal-timeline-arrow\"><\/div>\n\t\t\t\t\t\t\n\t\t\t\t\t\t<div class=\"ha-horizontal-timeline-inner\">\n\t\t\t\t\t\t\t\n\t\t\t\t\t\t\t\n\t\t\t\t\t\t\t\n\t\t\t\t\t\t\t<div class=\"ha-horizontal-timeline-description\">Das Wachstum der Brust wird angeregt \u2013 leichte Zunahme des Brustkrebsrisikos.<\/div>\t\t\t\t\t\t<\/div>\n\t\t\t\t\t<\/div>\n\t\t\t\t<\/div>\n\n\t\t\t\t\t\t\t<div class=\"ha-horizontal-timeline-block elementor-repeater-item-86bf1f6\">\n\t\t\t\t\t<div class=\"ha-horizontal-timeline-icon-box\">\n\n\t\t\t\t\t\t<span class=\"ha-horizontal-timeline-date\">HERZ UND GEF\u00c4SSE<\/span>\n\n\t\t\t\t\t\t<div class=\"ha-horizontal-timeline-top-inner\">\n\t\t\t\t\t\t\t\t\t\t\t\t\t\t\t<div class=\"ha-horizontal-timeline-icon\">\n\t\t\t\t\t\t\t\t\t<i aria-hidden=\"true\" class=\"fas fa-heart\"><\/i>\t\t\t\t\t\t\t\t<\/div>\n\t\t\t\t\t\t\t\t\t\t\t\t\t\t<div class=\"ha-horizontal-timeline-tree\"><\/div>\n\t\t\t\t\t\t<\/div>\n\t\t\t\t\t<\/div>\n\n\t\t\t\t\t<div class=\"ha-horizontal-timeline-content\">\n\n\t\t\t\t\t\t\t\t\t\t\t\t\t<div class=\"ha-horizontal-timeline-arrow\"><\/div>\n\t\t\t\t\t\t\n\t\t\t\t\t\t<div class=\"ha-horizontal-timeline-inner\">\n\t\t\t\t\t\t\t\n\t\t\t\t\t\t\t\n\t\t\t\t\t\t\t\n\t\t\t\t\t\t\t<div class=\"ha-horizontal-timeline-description\">M\u00f6glicherweise sch\u00fctzen \u00d6strogene vor Arteriosklerose, dies ist allerdings umstritten.<\/div>\t\t\t\t\t\t<\/div>\n\t\t\t\t\t<\/div>\n\t\t\t\t<\/div>\n\n\t\t\t\t\t\t\t<div class=\"ha-horizontal-timeline-block elementor-repeater-item-05eb667\">\n\t\t\t\t\t<div class=\"ha-horizontal-timeline-icon-box\">\n\n\t\t\t\t\t\t<span class=\"ha-horizontal-timeline-date\">HAUT<\/span>\n\n\t\t\t\t\t\t<div class=\"ha-horizontal-timeline-top-inner\">\n\t\t\t\t\t\t\t\t\t\t\t\t\t\t\t<div class=\"ha-horizontal-timeline-icon\">\n\t\t\t\t\t\t\t\t\t<i aria-hidden=\"true\" class=\"fas fa-female\"><\/i>\t\t\t\t\t\t\t\t<\/div>\n\t\t\t\t\t\t\t\t\t\t\t\t\t\t<div class=\"ha-horizontal-timeline-tree\"><\/div>\n\t\t\t\t\t\t<\/div>\n\t\t\t\t\t<\/div>\n\n\t\t\t\t\t<div class=\"ha-horizontal-timeline-content\">\n\n\t\t\t\t\t\t\t\t\t\t\t\t\t<div class=\"ha-horizontal-timeline-arrow\"><\/div>\n\t\t\t\t\t\t\n\t\t\t\t\t\t<div class=\"ha-horizontal-timeline-inner\">\n\t\t\t\t\t\t\t\n\t\t\t\t\t\t\t\n\t\t\t\t\t\t\t\n\t\t\t\t\t\t\t<div class=\"ha-horizontal-timeline-description\">Die Haut speichert mehr Wasser, bleibt elastischer, Faltenbildung kann vermindert werden.<\/div>\t\t\t\t\t\t<\/div>\n\t\t\t\t\t<\/div>\n\t\t\t\t<\/div>\n\n\t\t\t\t\t\t\t<div class=\"ha-horizontal-timeline-block elementor-repeater-item-592ea95\">\n\t\t\t\t\t<div class=\"ha-horizontal-timeline-icon-box\">\n\n\t\t\t\t\t\t<span class=\"ha-horizontal-timeline-date\">GEB\u00c4RMUTTER<\/span>\n\n\t\t\t\t\t\t<div class=\"ha-horizontal-timeline-top-inner\">\n\t\t\t\t\t\t\t\t\t\t\t\t\t\t\t<div class=\"ha-horizontal-timeline-icon\">\n\t\t\t\t\t\t\t\t\t<i aria-hidden=\"true\" class=\"fas fa-female\"><\/i>\t\t\t\t\t\t\t\t<\/div>\n\t\t\t\t\t\t\t\t\t\t\t\t\t\t<div class=\"ha-horizontal-timeline-tree\"><\/div>\n\t\t\t\t\t\t<\/div>\n\t\t\t\t\t<\/div>\n\n\t\t\t\t\t<div class=\"ha-horizontal-timeline-content\">\n\n\t\t\t\t\t\t\t\t\t\t\t\t\t<div class=\"ha-horizontal-timeline-arrow\"><\/div>\n\t\t\t\t\t\t\n\t\t\t\t\t\t<div class=\"ha-horizontal-timeline-inner\">\n\t\t\t\t\t\t\t\n\t\t\t\t\t\t\t\n\t\t\t\t\t\t\t\n\t\t\t\t\t\t\t<div class=\"ha-horizontal-timeline-description\">\u00d6strogene bauen die Schleimhaut auf, es m\u00fcssen Gestagene als Gegenspieler hinzugesetzt werden, sonst kommt es zu einer Zunahme des Geb\u00e4rmutterschleimhautkrebses.<\/div>\t\t\t\t\t\t<\/div>\n\t\t\t\t\t<\/div>\n\t\t\t\t<\/div>\n\n\t\t\t\t\t\t\t<div class=\"ha-horizontal-timeline-block elementor-repeater-item-c513375\">\n\t\t\t\t\t<div class=\"ha-horizontal-timeline-icon-box\">\n\n\t\t\t\t\t\t<span class=\"ha-horizontal-timeline-date\">SCHEIDE<\/span>\n\n\t\t\t\t\t\t<div class=\"ha-horizontal-timeline-top-inner\">\n\t\t\t\t\t\t\t\t\t\t\t\t\t\t\t<div class=\"ha-horizontal-timeline-icon\">\n\t\t\t\t\t\t\t\t\t<i aria-hidden=\"true\" class=\"fas fa-female\"><\/i>\t\t\t\t\t\t\t\t<\/div>\n\t\t\t\t\t\t\t\t\t\t\t\t\t\t<div class=\"ha-horizontal-timeline-tree\"><\/div>\n\t\t\t\t\t\t<\/div>\n\t\t\t\t\t<\/div>\n\n\t\t\t\t\t<div class=\"ha-horizontal-timeline-content\">\n\n\t\t\t\t\t\t\t\t\t\t\t\t\t<div class=\"ha-horizontal-timeline-arrow\"><\/div>\n\t\t\t\t\t\t\n\t\t\t\t\t\t<div class=\"ha-horizontal-timeline-inner\">\n\t\t\t\t\t\t\t\n\t\t\t\t\t\t\t\n\t\t\t\t\t\t\t\n\t\t\t\t\t\t\t<div class=\"ha-horizontal-timeline-description\">Die Scheidenschleimhaut wird besser durchfeuchtet, beim Sex wird mehr Gleitfl\u00fcssigkeit gebildet.<\/div>\t\t\t\t\t\t<\/div>\n\t\t\t\t\t<\/div>\n\t\t\t\t<\/div>\n\n\t\t\t\t\t\t\t<div class=\"ha-horizontal-timeline-block elementor-repeater-item-1c14cb0\">\n\t\t\t\t\t<div class=\"ha-horizontal-timeline-icon-box\">\n\n\t\t\t\t\t\t<span class=\"ha-horizontal-timeline-date\">BLASE<\/span>\n\n\t\t\t\t\t\t<div class=\"ha-horizontal-timeline-top-inner\">\n\t\t\t\t\t\t\t\t\t\t\t\t\t\t\t<div class=\"ha-horizontal-timeline-icon\">\n\t\t\t\t\t\t\t\t\t<i aria-hidden=\"true\" class=\"fas fa-female\"><\/i>\t\t\t\t\t\t\t\t<\/div>\n\t\t\t\t\t\t\t\t\t\t\t\t\t\t<div class=\"ha-horizontal-timeline-tree\"><\/div>\n\t\t\t\t\t\t<\/div>\n\t\t\t\t\t<\/div>\n\n\t\t\t\t\t<div class=\"ha-horizontal-timeline-content\">\n\n\t\t\t\t\t\t\t\t\t\t\t\t\t<div class=\"ha-horizontal-timeline-arrow\"><\/div>\n\t\t\t\t\t\t\n\t\t\t\t\t\t<div class=\"ha-horizontal-timeline-inner\">\n\t\t\t\t\t\t\t\n\t\t\t\t\t\t\t\n\t\t\t\t\t\t\t\n\t\t\t\t\t\t\t<div class=\"ha-horizontal-timeline-description\">Der Blasenverschluss wird durch die bessere Durchblutung der Harnr\u00f6hrenschleimhaut verbessert.<\/div>\t\t\t\t\t\t<\/div>\n\t\t\t\t\t<\/div>\n\t\t\t\t<\/div>\n\n\t\t\t\t\t\t\t<div class=\"ha-horizontal-timeline-block elementor-repeater-item-9725569\">\n\t\t\t\t\t<div class=\"ha-horizontal-timeline-icon-box\">\n\n\t\t\t\t\t\t<span class=\"ha-horizontal-timeline-date\">KNOCHEN<\/span>\n\n\t\t\t\t\t\t<div class=\"ha-horizontal-timeline-top-inner\">\n\t\t\t\t\t\t\t\t\t\t\t\t\t\t\t<div class=\"ha-horizontal-timeline-icon\">\n\t\t\t\t\t\t\t\t\t<i aria-hidden=\"true\" class=\"fas fa-bone\"><\/i>\t\t\t\t\t\t\t\t<\/div>\n\t\t\t\t\t\t\t\t\t\t\t\t\t\t<div class=\"ha-horizontal-timeline-tree\"><\/div>\n\t\t\t\t\t\t<\/div>\n\t\t\t\t\t<\/div>\n\n\t\t\t\t\t<div class=\"ha-horizontal-timeline-content\">\n\n\t\t\t\t\t\t\t\t\t\t\t\t\t<div class=\"ha-horizontal-timeline-arrow\"><\/div>\n\t\t\t\t\t\t\n\t\t\t\t\t\t<div class=\"ha-horizontal-timeline-inner\">\n\t\t\t\t\t\t\t\n\t\t\t\t\t\t\t\n\t\t\t\t\t\t\t\n\t\t\t\t\t\t\t<div class=\"ha-horizontal-timeline-description\">Der Knochenabbau wird gebremst.<\/div>\t\t\t\t\t\t<\/div>\n\t\t\t\t\t<\/div>\n\t\t\t\t<\/div>\n\n\t\t\t\n\t\t<\/div>\n\n\t\t\t\t\t<button type=\"button\" class=\"slick-prev\"><i aria-hidden=\"true\" class=\"fas fa-chevron-left\"><\/i><\/button>\n\t\t\n\t\t\t\t\t<button type=\"button\" class=\"slick-next\"><i aria-hidden=\"true\" class=\"fas fa-chevron-right\"><\/i><\/button>\n\t\t\n\t\t\t\t\t\t<\/div>\n\t\t\t\t<\/div>\n\t\t\t\t\t<\/div>\n\t\t<\/div>\n\t\t\t\t\t<\/div>\n\t\t<\/section>\n\t\t\t\t<\/div>\n\t\t","protected":false},"excerpt":{"rendered":"<p>Ein kontroverses Thema: die Hormontherapie Eine Hormontherapie kann beispielsweise bei vegetativen Beschwerden w\u00e4hrend der Wechseljahre sowie Zyklusst\u00f6rungen Anwendung finden. Es gibt viele gute Gr\u00fcne f\u00fcr eine Hormontherapie So k\u00f6nnen zum Beispiel Blutungsst\u00f6rungen durch den Einsatz von Hormonen normalisiert werden. Hormone haben einen positiven Effekt auf Haut und Haare. In jungen Jahren kann durch manche Pillen [&hellip;]<\/p>\n","protected":false},"author":6,"featured_media":0,"parent":2573,"menu_order":9,"comment_status":"closed","ping_status":"closed","template":"","meta":{"footnotes":""},"class_list":["post-3524","page","type-page","status-publish","hentry"],"_links":{"self":[{"href":"https:\/\/koenig-frauenheilkunde.de\/de\/wp-json\/wp\/v2\/pages\/3524","targetHints":{"allow":["GET"]}}],"collection":[{"href":"https:\/\/koenig-frauenheilkunde.de\/de\/wp-json\/wp\/v2\/pages"}],"about":[{"href":"https:\/\/koenig-frauenheilkunde.de\/de\/wp-json\/wp\/v2\/types\/page"}],"author":[{"embeddable":true,"href":"https:\/\/koenig-frauenheilkunde.de\/de\/wp-json\/wp\/v2\/users\/6"}],"replies":[{"embeddable":true,"href":"https:\/\/koenig-frauenheilkunde.de\/de\/wp-json\/wp\/v2\/comments?post=3524"}],"version-history":[{"count":3,"href":"https:\/\/koenig-frauenheilkunde.de\/de\/wp-json\/wp\/v2\/pages\/3524\/revisions"}],"predecessor-version":[{"id":6586,"href":"https:\/\/koenig-frauenheilkunde.de\/de\/wp-json\/wp\/v2\/pages\/3524\/revisions\/6586"}],"up":[{"embeddable":true,"href":"https:\/\/koenig-frauenheilkunde.de\/de\/wp-json\/wp\/v2\/pages\/2573"}],"wp:attachment":[{"href":"https:\/\/koenig-frauenheilkunde.de\/de\/wp-json\/wp\/v2\/media?parent=3524"}],"curies":[{"name":"wp","href":"https:\/\/api.w.org\/{rel}","templated":true}]}}