{"id":3753,"date":"2020-12-15T16:40:41","date_gmt":"2020-12-15T15:40:16","guid":{"rendered":"https:\/\/koenig-frauenheilkunde.de\/?page_id=3753"},"modified":"2026-01-14T15:18:13","modified_gmt":"2026-01-14T14:18:13","slug":"online-termine-termine-24-stunden-online-vereinbaren","status":"publish","type":"page","link":"https:\/\/koenig-frauenheilkunde.de\/de\/kontakt-sprechzeiten-adresse-und-telefonnummer-der-praxis-fuer-gynaekologie-dr-lilian-koenig\/online-termine-termine-24-stunden-online-vereinbaren\/","title":{"rendered":"ONLINE-TERMINE \u2013 Termine 24 Stunden online vereinbaren"},"content":{"rendered":"\t\t<div data-elementor-type=\"wp-page\" data-elementor-id=\"3753\" class=\"elementor elementor-3753\" data-elementor-settings=\"{&quot;ha_cmc_init_switcher&quot;:&quot;no&quot;}\" data-elementor-post-type=\"page\">\n\t\t\t\t\t\t<section class=\"elementor-section elementor-top-section elementor-element elementor-element-8514bd7 elementor-section-boxed elementor-section-height-default elementor-section-height-default\" data-id=\"8514bd7\" data-element_type=\"section\" data-e-type=\"section\" data-settings=\"{&quot;_ha_eqh_enable&quot;:false}\">\n\t\t\t\t\t\t<div class=\"elementor-container elementor-column-gap-default\">\n\t\t\t\t\t<div class=\"elementor-column elementor-col-100 elementor-top-column elementor-element elementor-element-ba1ad74\" data-id=\"ba1ad74\" data-element_type=\"column\" data-e-type=\"column\">\n\t\t\t<div class=\"elementor-widget-wrap elementor-element-populated\">\n\t\t\t\t\t\t<div class=\"elementor-element elementor-element-122b3c3 elementor-widget elementor-widget-heading\" data-id=\"122b3c3\" data-element_type=\"widget\" data-e-type=\"widget\" data-widget_type=\"heading.default\">\n\t\t\t\t<div class=\"elementor-widget-container\">\n\t\t\t\t\t<h1 class=\"elementor-heading-title elementor-size-default\">Online-Terminvereinbarung<\/h1>\t\t\t\t<\/div>\n\t\t\t\t<\/div>\n\t\t\t\t\t<\/div>\n\t\t<\/div>\n\t\t\t\t\t<\/div>\n\t\t<\/section>\n\t\t\t\t<section class=\"elementor-section elementor-top-section elementor-element elementor-element-d7a3f6e elementor-section-boxed elementor-section-height-default elementor-section-height-default\" data-id=\"d7a3f6e\" data-element_type=\"section\" data-e-type=\"section\" data-settings=\"{&quot;_ha_eqh_enable&quot;:false}\">\n\t\t\t\t\t\t<div class=\"elementor-container elementor-column-gap-default\">\n\t\t\t\t\t<div class=\"elementor-column elementor-col-50 elementor-top-column elementor-element elementor-element-b387b2b\" data-id=\"b387b2b\" data-element_type=\"column\" data-e-type=\"column\">\n\t\t\t<div class=\"elementor-widget-wrap elementor-element-populated\">\n\t\t\t\t\t\t<div class=\"elementor-element elementor-element-4ee0345 elementor-widget elementor-widget-text-editor\" data-id=\"4ee0345\" data-element_type=\"widget\" data-e-type=\"widget\" data-widget_type=\"text-editor.default\">\n\t\t\t\t<div class=\"elementor-widget-container\">\n\t\t\t\t\t\t\t\t\t<p><strong>BITTE BEACHTEN SIE: Aus organisatorischen Gr\u00fcnden k\u00f6nnen wir vorerst keine Neupatienten \u00fcber die Online-Terminvergabe aufnehmen. Bitte rufen Sie uns an oder senden Sie uns eine E-Mail mit Ihrer Telefonnummer und einer passenden R\u00fcckrufzeit. Wir melden uns dann bei Ihnen, um einen Termin zu vereinbaren. <\/strong><\/p><h2>F\u00fcr Bestandspatientinnen gilt: Registrieren vor dem ersten Buchen<\/h2><p>Bevor Sie den ersten Termin buchen, registrieren Sie sich bitte einmalig f\u00fcr das System. Bitte bedenken Sie, dass Online-Termine nur f\u00fcr Routinetermine vergeben werden k\u00f6nnen.<\/p><p>Dazu m\u00fcssen Sie sich mit Ihrer E-Mail-Adresse und einem selbstgew\u00e4hlten Passwort, das nur f\u00fcr Ihren eigenen Terminzugang bei unserer Praxis g\u00fcltig ist, registrieren. So sind Ihre Daten noch besser gesch\u00fctzt.<\/p>\t\t\t\t\t\t\t\t<\/div>\n\t\t\t\t<\/div>\n\t\t\t\t\t<\/div>\n\t\t<\/div>\n\t\t\t\t<div class=\"elementor-column elementor-col-50 elementor-top-column elementor-element elementor-element-ada652f\" data-id=\"ada652f\" data-element_type=\"column\" data-e-type=\"column\">\n\t\t\t<div class=\"elementor-widget-wrap elementor-element-populated\">\n\t\t\t\t\t\t<div class=\"elementor-element elementor-element-a2ad8f2 elementor-widget elementor-widget-text-editor\" data-id=\"a2ad8f2\" data-element_type=\"widget\" data-e-type=\"widget\" data-widget_type=\"text-editor.default\">\n\t\t\t\t<div class=\"elementor-widget-container\">\n\t\t\t\t\t\t\t\t\t<p>F\u00fcr weitere Terminvereinbarungen melden Sie sich dann bitte immer mit Ihrer E-Mail-Adresse und Ihrem Passwort bei uns an.<\/p><h2>Bitte folgen Sie dem Programm Schritt f\u00fcr Schritt<\/h2><p><strong>Ihr Termin ist fest f\u00fcr Sie gebucht, wenn Sie eine Best\u00e4tigungs-E-Mail an Ihre angegebene E-Mail-Adresse erhalten.<\/strong> Mit Hilfe dieser Best\u00e4tigungs-E-Mail k\u00f6nnen Sie dann auch den von Ihnen gebuchten Termin \u2013 falls erforderlich \u2013 stornieren oder verschieben.<\/p><p>Bitte beachten Sie, dass Sie, wenn Sie nicht erscheinen, ohne mindestens 24 Stunden vorher abzusagen, Termine f\u00fcr andere Patienten blockieren.<\/p>\t\t\t\t\t\t\t\t<\/div>\n\t\t\t\t<\/div>\n\t\t\t\t\t<\/div>\n\t\t<\/div>\n\t\t\t\t\t<\/div>\n\t\t<\/section>\n\t\t\t\t<section class=\"elementor-section elementor-top-section elementor-element elementor-element-e570c8a elementor-section-boxed elementor-section-height-default elementor-section-height-default\" data-id=\"e570c8a\" data-element_type=\"section\" data-e-type=\"section\" data-settings=\"{&quot;_ha_eqh_enable&quot;:false}\">\n\t\t\t\t\t\t<div class=\"elementor-container elementor-column-gap-default\">\n\t\t\t\t\t<div class=\"elementor-column elementor-col-100 elementor-top-column elementor-element elementor-element-0c77a89\" data-id=\"0c77a89\" data-element_type=\"column\" data-e-type=\"column\">\n\t\t\t<div class=\"elementor-widget-wrap elementor-element-populated\">\n\t\t\t\t\t\t<section class=\"elementor-section elementor-inner-section elementor-element elementor-element-68fc00c elementor-section-boxed elementor-section-height-default elementor-section-height-default\" data-id=\"68fc00c\" data-element_type=\"section\" data-e-type=\"section\" data-settings=\"{&quot;_ha_eqh_enable&quot;:false}\">\n\t\t\t\t\t\t<div class=\"elementor-container elementor-column-gap-default\">\n\t\t\t\t\t<div class=\"elementor-column elementor-col-100 elementor-inner-column elementor-element elementor-element-0cd5a2b\" data-id=\"0cd5a2b\" data-element_type=\"column\" data-e-type=\"column\">\n\t\t\t<div class=\"elementor-widget-wrap elementor-element-populated\">\n\t\t\t\t\t\t<div class=\"elementor-element elementor-element-d664059 elementor-widget elementor-widget-html\" data-id=\"d664059\" data-element_type=\"widget\" data-e-type=\"widget\" data-widget_type=\"html.default\">\n\t\t\t\t<div class=\"elementor-widget-container\">\n\t\t\t\t\t<div id='jpm55'><\/div><script type='text\/javascript' src='https:\/\/api.termed.de\/v2\/facharzt_widget.php?id=jpm55&w=0972b90dd7'><\/script>\t\t\t\t<\/div>\n\t\t\t\t<\/div>\n\t\t\t\t\t<\/div>\n\t\t<\/div>\n\t\t\t\t\t<\/div>\n\t\t<\/section>\n\t\t\t\t\t<\/div>\n\t\t<\/div>\n\t\t\t\t\t<\/div>\n\t\t<\/section>\n\t\t\t\t<section class=\"elementor-section elementor-top-section elementor-element elementor-element-0b0a2f1 elementor-section-boxed elementor-section-height-default elementor-section-height-default\" data-id=\"0b0a2f1\" data-element_type=\"section\" data-e-type=\"section\" data-settings=\"{&quot;_ha_eqh_enable&quot;:false}\">\n\t\t\t\t\t\t<div class=\"elementor-container elementor-column-gap-default\">\n\t\t\t\t\t<div class=\"elementor-column elementor-col-100 elementor-top-column elementor-element elementor-element-9a7c38f\" data-id=\"9a7c38f\" data-element_type=\"column\" data-e-type=\"column\">\n\t\t\t<div class=\"elementor-widget-wrap elementor-element-populated\">\n\t\t\t\t\t\t<div class=\"elementor-element elementor-element-ff079a0 elementor-widget elementor-widget-heading\" data-id=\"ff079a0\" data-element_type=\"widget\" data-e-type=\"widget\" data-widget_type=\"heading.default\">\n\t\t\t\t<div class=\"elementor-widget-container\">\n\t\t\t\t\t<h2 class=\"elementor-heading-title elementor-size-default\">Wenn Sie schwanger sind ...<\/h2>\t\t\t\t<\/div>\n\t\t\t\t<\/div>\n\t\t\t\t\t<\/div>\n\t\t<\/div>\n\t\t\t\t\t<\/div>\n\t\t<\/section>\n\t\t\t\t<section class=\"elementor-section elementor-top-section elementor-element elementor-element-5d41b72 elementor-section-boxed elementor-section-height-default elementor-section-height-default\" data-id=\"5d41b72\" data-element_type=\"section\" data-e-type=\"section\" data-settings=\"{&quot;_ha_eqh_enable&quot;:false}\">\n\t\t\t\t\t\t<div class=\"elementor-container elementor-column-gap-default\">\n\t\t\t\t\t<div class=\"elementor-column elementor-col-100 elementor-top-column elementor-element elementor-element-a29d501\" data-id=\"a29d501\" data-element_type=\"column\" data-e-type=\"column\">\n\t\t\t<div class=\"elementor-widget-wrap elementor-element-populated\">\n\t\t\t\t\t\t<div class=\"elementor-element elementor-element-082266f elementor-widget elementor-widget-text-editor\" data-id=\"082266f\" data-element_type=\"widget\" data-e-type=\"widget\" data-widget_type=\"text-editor.default\">\n\t\t\t\t<div class=\"elementor-widget-container\">\n\t\t\t\t\t\t\t\t\t<p>Wenn Sie schwanger sind, ist es besser, wenn Sie telefonisch mit uns Kontakt aufnehmen oder eine <a href=\"mailto:praxis@koenig-frauenheilkunde.de\" target=\"_blank\" rel=\"noopener\">E-Mail<\/a> schreiben. Wir bieten sehr kurzfristige Termine zur Blutentnahme und Mutterpass-Ausstellung immer montags, dienstags und mittwochs nach Vereinbarung am Vormittag zwischen 8 und 11 Uhr an. Die Schwangerschaftsfolgeuntersuchungen vereinbaren wir dann immer in der Praxis.<\/p><p>Die Nachsorge findet dann 6 bis 8 Wochen nach der Geburt statt. F\u00fcr einen Termin zur <strong>Wochenbettnachsorge<\/strong> rufen Sie uns bitte an oder schicken Sie eine E-Mail.<\/p>\t\t\t\t\t\t\t\t<\/div>\n\t\t\t\t<\/div>\n\t\t\t\t\t<\/div>\n\t\t<\/div>\n\t\t\t\t\t<\/div>\n\t\t<\/section>\n\t\t\t\t<\/div>\n\t\t","protected":false},"excerpt":{"rendered":"<p>Online-Terminvereinbarung BITTE BEACHTEN SIE: Aus organisatorischen Gr\u00fcnden k\u00f6nnen wir vorerst keine Neupatienten \u00fcber die Online-Terminvergabe aufnehmen. Bitte rufen Sie uns an oder senden Sie uns eine E-Mail mit Ihrer Telefonnummer und einer passenden R\u00fcckrufzeit. Wir melden uns dann bei Ihnen, um einen Termin zu vereinbaren. F\u00fcr Bestandspatientinnen gilt: Registrieren vor dem ersten Buchen Bevor Sie [&hellip;]<\/p>\n","protected":false},"author":6,"featured_media":0,"parent":2571,"menu_order":1,"comment_status":"closed","ping_status":"closed","template":"","meta":{"footnotes":""},"class_list":["post-3753","page","type-page","status-publish","hentry"],"_links":{"self":[{"href":"https:\/\/koenig-frauenheilkunde.de\/de\/wp-json\/wp\/v2\/pages\/3753","targetHints":{"allow":["GET"]}}],"collection":[{"href":"https:\/\/koenig-frauenheilkunde.de\/de\/wp-json\/wp\/v2\/pages"}],"about":[{"href":"https:\/\/koenig-frauenheilkunde.de\/de\/wp-json\/wp\/v2\/types\/page"}],"author":[{"embeddable":true,"href":"https:\/\/koenig-frauenheilkunde.de\/de\/wp-json\/wp\/v2\/users\/6"}],"replies":[{"embeddable":true,"href":"https:\/\/koenig-frauenheilkunde.de\/de\/wp-json\/wp\/v2\/comments?post=3753"}],"version-history":[{"count":15,"href":"https:\/\/koenig-frauenheilkunde.de\/de\/wp-json\/wp\/v2\/pages\/3753\/revisions"}],"predecessor-version":[{"id":7454,"href":"https:\/\/koenig-frauenheilkunde.de\/de\/wp-json\/wp\/v2\/pages\/3753\/revisions\/7454"}],"up":[{"embeddable":true,"href":"https:\/\/koenig-frauenheilkunde.de\/de\/wp-json\/wp\/v2\/pages\/2571"}],"wp:attachment":[{"href":"https:\/\/koenig-frauenheilkunde.de\/de\/wp-json\/wp\/v2\/media?parent=3753"}],"curies":[{"name":"wp","href":"https:\/\/api.w.org\/{rel}","templated":true}]}}