{"id":3772,"date":"2020-12-15T17:30:41","date_gmt":"2020-12-15T16:30:22","guid":{"rendered":"https:\/\/koenig-frauenheilkunde.de\/?page_id=3772"},"modified":"2021-01-15T18:06:46","modified_gmt":"2021-01-15T17:06:46","slug":"links-interessantes-und-wissenswertes","status":"publish","type":"page","link":"https:\/\/koenig-frauenheilkunde.de\/de\/links-interessantes-und-wissenswertes\/","title":{"rendered":"LINKS \u2013 Interessantes und Wissenswertes"},"content":{"rendered":"\t\t<div data-elementor-type=\"wp-page\" data-elementor-id=\"3772\" class=\"elementor elementor-3772\" data-elementor-settings=\"{&quot;ha_cmc_init_switcher&quot;:&quot;no&quot;}\" data-elementor-post-type=\"page\">\n\t\t\t\t\t\t<section class=\"elementor-section elementor-top-section elementor-element elementor-element-186ece1 elementor-section-boxed elementor-section-height-default elementor-section-height-default\" data-id=\"186ece1\" data-element_type=\"section\" data-e-type=\"section\" data-settings=\"{&quot;_ha_eqh_enable&quot;:false}\">\n\t\t\t\t\t\t<div class=\"elementor-container elementor-column-gap-default\">\n\t\t\t\t\t<div class=\"elementor-column elementor-col-100 elementor-top-column elementor-element elementor-element-61e2d9d\" data-id=\"61e2d9d\" data-element_type=\"column\" data-e-type=\"column\">\n\t\t\t<div class=\"elementor-widget-wrap elementor-element-populated\">\n\t\t\t\t\t\t<div class=\"elementor-element elementor-element-a3d3b5c elementor-widget elementor-widget-image\" data-id=\"a3d3b5c\" data-element_type=\"widget\" data-e-type=\"widget\" data-widget_type=\"image.default\">\n\t\t\t\t<div class=\"elementor-widget-container\">\n\t\t\t\t\t\t\t\t\t\t\t\t\t\t\t<img fetchpriority=\"high\" decoding=\"async\" width=\"1500\" height=\"449\" src=\"https:\/\/koenig-frauenheilkunde.de\/wp-content\/uploads\/2020\/12\/hero_links.jpg\" class=\"attachment-full size-full wp-image-5508\" alt=\"\" srcset=\"https:\/\/koenig-frauenheilkunde.de\/wp-content\/uploads\/2020\/12\/hero_links.jpg 1500w, https:\/\/koenig-frauenheilkunde.de\/wp-content\/uploads\/2020\/12\/hero_links-600x180.jpg 600w, https:\/\/koenig-frauenheilkunde.de\/wp-content\/uploads\/2020\/12\/hero_links-1090x326.jpg 1090w, https:\/\/koenig-frauenheilkunde.de\/wp-content\/uploads\/2020\/12\/hero_links-768x230.jpg 768w\" sizes=\"(max-width: 1500px) 100vw, 1500px\" loading=\"eager\" \/>\t\t\t\t\t\t\t\t\t\t\t\t\t\t\t<\/div>\n\t\t\t\t<\/div>\n\t\t\t\t\t<\/div>\n\t\t<\/div>\n\t\t\t\t\t<\/div>\n\t\t<\/section>\n\t\t\t\t<section class=\"elementor-section elementor-top-section elementor-element elementor-element-dd3dd6a elementor-section-boxed elementor-section-height-default elementor-section-height-default\" data-id=\"dd3dd6a\" data-element_type=\"section\" data-e-type=\"section\" data-settings=\"{&quot;_ha_eqh_enable&quot;:false}\">\n\t\t\t\t\t\t<div class=\"elementor-container elementor-column-gap-default\">\n\t\t\t\t\t<div class=\"elementor-column elementor-col-100 elementor-top-column elementor-element elementor-element-bef4dff\" data-id=\"bef4dff\" data-element_type=\"column\" data-e-type=\"column\">\n\t\t\t<div class=\"elementor-widget-wrap elementor-element-populated\">\n\t\t\t\t\t\t<div class=\"elementor-element elementor-element-fe8b382 elementor-widget elementor-widget-heading\" data-id=\"fe8b382\" data-element_type=\"widget\" data-e-type=\"widget\" data-widget_type=\"heading.default\">\n\t\t\t\t<div class=\"elementor-widget-container\">\n\t\t\t\t\t<h1 class=\"elementor-heading-title elementor-size-default\">Interessantes und Wissenswertes<\/h1>\t\t\t\t<\/div>\n\t\t\t\t<\/div>\n\t\t\t\t\t<\/div>\n\t\t<\/div>\n\t\t\t\t\t<\/div>\n\t\t<\/section>\n\t\t\t\t<section class=\"elementor-section elementor-top-section elementor-element elementor-element-8216d1c elementor-section-boxed elementor-section-height-default elementor-section-height-default\" data-id=\"8216d1c\" data-element_type=\"section\" data-e-type=\"section\" data-settings=\"{&quot;_ha_eqh_enable&quot;:false}\">\n\t\t\t\t\t\t<div class=\"elementor-container elementor-column-gap-default\">\n\t\t\t\t\t<div class=\"elementor-column elementor-col-100 elementor-top-column elementor-element elementor-element-13eacf2\" data-id=\"13eacf2\" data-element_type=\"column\" data-e-type=\"column\">\n\t\t\t<div class=\"elementor-widget-wrap elementor-element-populated\">\n\t\t\t\t\t\t<div class=\"elementor-element elementor-element-52bb471 elementor-widget elementor-widget-text-editor\" data-id=\"52bb471\" data-element_type=\"widget\" data-e-type=\"widget\" data-widget_type=\"text-editor.default\">\n\t\t\t\t<div class=\"elementor-widget-container\">\n\t\t\t\t\t\t\t\t\t<h2>Infos \u00fcber Kinderwunsch oder Sterilit\u00e4t<\/h2><p>Alles Wichtige rund um Schwangerschaft, Geburt und die erste Zeit mit dem Kind. Aktuell, verst\u00e4ndlich und lebensnah. F\u00fcr werdende M\u00fctter und V\u00e4ter.<\/p><p><a href=\"https:\/\/www.familienplanung.de\/\" target=\"_blank\" rel=\"noopener noreferrer nofollow\">www.familienplanung.de<\/a><\/p><h2>Infos \u00fcber Pr\u00e4nataldiagnostik<\/h2><p><a href=\"https:\/\/www.fmf-deutschland.info\/de\/\" target=\"_blank\" rel=\"noopener noreferrer nofollow\">FMF Deutschland (Nackentransparenzmessung)<\/a><\/p><p><a href=\"https:\/\/www.cenata.de\/\" target=\"_blank\" rel=\"noopener noreferrer nofollow\">Cenata (Harmony-Test)<\/a><\/p><h2>Infos \u00fcber Ern\u00e4hrung (nicht nur in der Schwangerschaft)<\/h2><p>Informationen der Deutschen Gesellschaft f\u00fcr Ern\u00e4hrung e.V.<\/p><p><a href=\"https:\/\/www.dge.de\/\" target=\"_blank\" rel=\"noopener noreferrer nofollow\">www.dge.de<\/a><\/p><h2>Infos \u00fcber das Stillen<\/h2><p>Die Website zum Thema Stillen der La Leche Liga Deutschland e.V.<\/p><p><a href=\"https:\/\/www.lalecheliga.de\/\" target=\"_blank\" rel=\"noopener noreferrer nofollow\">www.lalecheliga.de<\/a><\/p><h2>Infos zu Reiseimpfungen<\/h2><p>Der Reisemedizinische Infodienst im Internet.<\/p><p><a href=\"https:\/\/www.fit-for-travel.de\/\" target=\"_blank\" rel=\"noopener noreferrer nofollow\">www.fit-for-travel.de<\/a><\/p><h2>Weitere Links<\/h2><p><a href=\"https:\/\/www.bvf.de\/\" target=\"_blank\" rel=\"noopener noreferrer nofollow\">Berufsverband der Frauen\u00e4rzte e.V.<\/a><\/p><p><a href=\"https:\/\/www.frauenaerzte-im-netz.de\/\" target=\"_blank\" rel=\"noopener noreferrer nofollow\">Frauen\u00e4rzte im Netz<\/a><\/p><p><a href=\"https:\/\/www.mammo-programm.de\/\" target=\"_blank\" rel=\"noopener noreferrer nofollow\">Mammographie Screening Programm<\/a><\/p><p><a href=\"https:\/\/www.rki.de\/DE\/Home\/homepage_node.html\" target=\"_blank\" rel=\"noopener noreferrer nofollow\">Robert-Koch-Institut<\/a><\/p><p><a href=\"https:\/\/www.ag-cpc.de\/patienteninformation-dysplasiesprechstunden\/\" target=\"_blank\" rel=\"noopener noreferrer nofollow\">Arbeitsgemeinschaft Zervixpathologie und Kolposkopie<\/a><\/p>\t\t\t\t\t\t\t\t<\/div>\n\t\t\t\t<\/div>\n\t\t\t\t\t<\/div>\n\t\t<\/div>\n\t\t\t\t\t<\/div>\n\t\t<\/section>\n\t\t\t\t<\/div>\n\t\t","protected":false},"excerpt":{"rendered":"<p>Interessantes und Wissenswertes Infos \u00fcber Kinderwunsch oder Sterilit\u00e4t Alles Wichtige rund um Schwangerschaft, Geburt und die erste Zeit mit dem Kind. Aktuell, verst\u00e4ndlich und lebensnah. F\u00fcr werdende M\u00fctter und V\u00e4ter. www.familienplanung.de Infos \u00fcber Pr\u00e4nataldiagnostik FMF Deutschland (Nackentransparenzmessung) Cenata (Harmony-Test) Infos \u00fcber Ern\u00e4hrung (nicht nur in der Schwangerschaft) Informationen der Deutschen Gesellschaft f\u00fcr Ern\u00e4hrung e.V. www.dge.de [&hellip;]<\/p>\n","protected":false},"author":6,"featured_media":0,"parent":0,"menu_order":4,"comment_status":"closed","ping_status":"closed","template":"","meta":{"footnotes":""},"class_list":["post-3772","page","type-page","status-publish","hentry"],"_links":{"self":[{"href":"https:\/\/koenig-frauenheilkunde.de\/de\/wp-json\/wp\/v2\/pages\/3772","targetHints":{"allow":["GET"]}}],"collection":[{"href":"https:\/\/koenig-frauenheilkunde.de\/de\/wp-json\/wp\/v2\/pages"}],"about":[{"href":"https:\/\/koenig-frauenheilkunde.de\/de\/wp-json\/wp\/v2\/types\/page"}],"author":[{"embeddable":true,"href":"https:\/\/koenig-frauenheilkunde.de\/de\/wp-json\/wp\/v2\/users\/6"}],"replies":[{"embeddable":true,"href":"https:\/\/koenig-frauenheilkunde.de\/de\/wp-json\/wp\/v2\/comments?post=3772"}],"version-history":[{"count":3,"href":"https:\/\/koenig-frauenheilkunde.de\/de\/wp-json\/wp\/v2\/pages\/3772\/revisions"}],"predecessor-version":[{"id":6298,"href":"https:\/\/koenig-frauenheilkunde.de\/de\/wp-json\/wp\/v2\/pages\/3772\/revisions\/6298"}],"wp:attachment":[{"href":"https:\/\/koenig-frauenheilkunde.de\/de\/wp-json\/wp\/v2\/media?parent=3772"}],"curies":[{"name":"wp","href":"https:\/\/api.w.org\/{rel}","templated":true}]}}