{"id":6,"date":"2020-02-02T18:53:41","date_gmt":"2020-02-02T17:53:35","guid":{"rendered":"https:\/\/koenig-frauenheilkunde.de\/?page_id=6"},"modified":"2022-10-31T09:06:52","modified_gmt":"2022-10-31T08:06:52","slug":"impressum","status":"publish","type":"page","link":"https:\/\/koenig-frauenheilkunde.de\/de\/impressum\/","title":{"rendered":"IMPRESSUM"},"content":{"rendered":"\t\t<div data-elementor-type=\"wp-page\" data-elementor-id=\"6\" class=\"elementor elementor-6\" data-elementor-settings=\"{&quot;ha_cmc_init_switcher&quot;:&quot;no&quot;}\" data-elementor-post-type=\"page\">\n\t\t\t\t\t\t<section class=\"elementor-section elementor-top-section elementor-element elementor-element-ba03bd9 elementor-section-boxed elementor-section-height-default elementor-section-height-default\" data-id=\"ba03bd9\" data-element_type=\"section\" data-e-type=\"section\" data-settings=\"{&quot;_ha_eqh_enable&quot;:false}\">\n\t\t\t\t\t\t<div class=\"elementor-container elementor-column-gap-default\">\n\t\t\t\t\t<div class=\"elementor-column elementor-col-100 elementor-top-column elementor-element elementor-element-502b8e7\" data-id=\"502b8e7\" data-element_type=\"column\" data-e-type=\"column\">\n\t\t\t<div class=\"elementor-widget-wrap elementor-element-populated\">\n\t\t\t\t\t\t<div class=\"elementor-element elementor-element-104403f elementor-widget elementor-widget-heading\" data-id=\"104403f\" data-element_type=\"widget\" data-e-type=\"widget\" data-widget_type=\"heading.default\">\n\t\t\t\t<div class=\"elementor-widget-container\">\n\t\t\t\t\t<h1 class=\"elementor-heading-title elementor-size-default\">IMPRESSUM<\/h1>\t\t\t\t<\/div>\n\t\t\t\t<\/div>\n\t\t\t\t<div class=\"elementor-element elementor-element-6e31192 elementor-widget elementor-widget-text-editor\" data-id=\"6e31192\" data-element_type=\"widget\" data-e-type=\"widget\" data-widget_type=\"text-editor.default\">\n\t\t\t\t<div class=\"elementor-widget-container\">\n\t\t\t\t\t\t\t\t\t<h2 style=\"text-align: left;\">Angaben gem\u00e4\u00df \u00a7 5 TM<\/h2><p style=\"text-align: left;\">Dr. Lilian K\u00f6nig<br \/>Fach\u00e4rztin f\u00fcr Frauenheilkunde und Geburtshilfe<\/p><p style=\"text-align: left;\">Adenauerallee 3a<br \/>61440 Oberursel<\/p><p style=\"text-align: left;\">Telefon 06171 4325<br \/>E-Mail\u00a0<a href=\"mailto:praxis@koenig-frauenheilkunde.de\" target=\"_blank\" rel=\"noopener\">praxis@koenig-frauenheilkunde.de<\/a><\/p><h2 style=\"text-align: left;\">GESETZLICHE BERUFSBEZEICHNUNG<\/h2><p style=\"text-align: left;\">Dr. med. Lilian K\u00f6nig, Fach\u00e4rztin f\u00fcr Frauenheilkunde und Geburtshilfe (verliehen in der Bundesrepublik Deutschland)<\/p><h2 style=\"text-align: left;\">LEBENSLANGE ARZTNUMMER<\/h2><p style=\"text-align: left;\">LANR 849094415<\/p><h2 style=\"text-align: left;\">ZUST\u00c4NDIGE \u00c4RZTEKAMMER<\/h2><p style=\"text-align: left;\">Landes\u00e4rztekammer Hessen<\/p><p style=\"text-align: left;\">Hanauer Landstra\u00dfe 152<br \/>60314 Frankfurt am Main<\/p><p style=\"text-align: left;\">Postfach 60 05 66<br \/>60335 Frankfurt am Main<\/p><p style=\"text-align: left;\">Telefon 069 97672-0<br \/>Fax 069 97672-128<br \/>E-Mail\u00a0<a href=\"mailto:laek-hessen@laekh.de\" target=\"_blank\" rel=\"noopener\">laek-hessen@laekh.de<\/a><br \/>Internet\u00a0<a href=\"https:\/\/www.laekh.de\/\" target=\"_blank\" rel=\"noopener\">www.laekh.de<\/a><\/p><h2 style=\"text-align: left;\">ES GELTEN FOLGENDE BERUFSRECHTLICHE REGELUNGEN<\/h2><p style=\"text-align: left;\">Berufsordnung der Landes\u00e4rztekammer Hessen<\/p><h2 style=\"text-align: left;\">REGELUNGEN EINSEHBAR UNTER<\/h2><p style=\"text-align: left;\"><a href=\"https:\/\/www.laekh.de\/fileadmin\/user_upload\/Aerzte\/Rund_ums_Recht\/Rechtsquellen\/Berufsordnung.pdf\" target=\"_blank\" rel=\"noopener\">Rechtsquellen der Landes\u00e4rztekammer Hessen<\/a><\/p><h2 style=\"text-align: left;\">ZUST\u00c4NDIGE KASSEN\u00c4RZTLICHE VEREINIGUNG<\/h2><p style=\"text-align: left;\">Kassen\u00e4rztliche Vereinigung Hessen<\/p><p style=\"text-align: left;\">Europa-Allee 90<br \/>60486 Frankfurt am Main<\/p><p style=\"text-align: left;\">Telefon 069 24741-7777<br \/>Fax 069 24741-68826<\/p><h2 style=\"text-align: left;\">VERANTWORTLICH F\u00dcR DEN INHALT NACH \u00a7 18 ABS. 2 MSTV<\/h2><p style=\"text-align: left;\">Dr. Lilian K\u00f6nig<br \/>Fach\u00e4rztin f\u00fcr Frauenheilkunde und Geburtshilfe<\/p><p style=\"text-align: left;\">Adenauerallee 3a<br \/>61440 Oberursel<\/p><h2 style=\"text-align: left;\">KONZEPTION, GESTALTUNG, TEXTBEARBEITUNG<\/h2><p style=\"text-align: left;\"><a href=\"https:\/\/doerner-karbowy.de\/\" target=\"_blank\" rel=\"noopener\">D\u00d6RNER+KARBOWY \u2013 Kommunikation: Gesundheit. Soziales.<\/a><\/p><h2 style=\"text-align: left;\">PROGRAMMIERUNG<\/h2><p style=\"text-align: left;\"><a href=\"https:\/\/blickwerker.de\/\" target=\"_blank\" rel=\"noopener\">blickwerker<\/a><\/p><h2 style=\"text-align: left;\">QUELLENANGABEN F\u00dcR DIE VERWENDETEN BILDER UND GRAFIKEN<\/h2><p style=\"text-align: left;\"><span style=\"color: var( --e-global-color-text );\">Siehe unter <a href=\"https:\/\/koenig-frauenheilkunde.de\/de\/bildnachweise\/\" target=\"_blank\" rel=\"noopener\">BILDNACHWEISE<\/a><\/span><\/p>\t\t\t\t\t\t\t\t<\/div>\n\t\t\t\t<\/div>\n\t\t\t\t\t<\/div>\n\t\t<\/div>\n\t\t\t\t\t<\/div>\n\t\t<\/section>\n\t\t\t\t<\/div>\n\t\t","protected":false},"excerpt":{"rendered":"<p>IMPRESSUM Angaben gem\u00e4\u00df \u00a7 5 TM Dr. Lilian K\u00f6nigFach\u00e4rztin f\u00fcr Frauenheilkunde und Geburtshilfe Adenauerallee 3a61440 Oberursel Telefon 06171 4325E-Mail\u00a0praxis@koenig-frauenheilkunde.de GESETZLICHE BERUFSBEZEICHNUNG Dr. med. Lilian K\u00f6nig, Fach\u00e4rztin f\u00fcr Frauenheilkunde und Geburtshilfe (verliehen in der Bundesrepublik Deutschland) LEBENSLANGE ARZTNUMMER LANR 849094415 ZUST\u00c4NDIGE \u00c4RZTEKAMMER Landes\u00e4rztekammer Hessen Hanauer Landstra\u00dfe 15260314 Frankfurt am Main Postfach 60 05 6660335 Frankfurt am [&hellip;]<\/p>\n","protected":false},"author":1,"featured_media":0,"parent":0,"menu_order":6,"comment_status":"closed","ping_status":"closed","template":"","meta":{"footnotes":""},"class_list":["post-6","page","type-page","status-publish","hentry"],"_links":{"self":[{"href":"https:\/\/koenig-frauenheilkunde.de\/de\/wp-json\/wp\/v2\/pages\/6","targetHints":{"allow":["GET"]}}],"collection":[{"href":"https:\/\/koenig-frauenheilkunde.de\/de\/wp-json\/wp\/v2\/pages"}],"about":[{"href":"https:\/\/koenig-frauenheilkunde.de\/de\/wp-json\/wp\/v2\/types\/page"}],"author":[{"embeddable":true,"href":"https:\/\/koenig-frauenheilkunde.de\/de\/wp-json\/wp\/v2\/users\/1"}],"replies":[{"embeddable":true,"href":"https:\/\/koenig-frauenheilkunde.de\/de\/wp-json\/wp\/v2\/comments?post=6"}],"version-history":[{"count":5,"href":"https:\/\/koenig-frauenheilkunde.de\/de\/wp-json\/wp\/v2\/pages\/6\/revisions"}],"predecessor-version":[{"id":6972,"href":"https:\/\/koenig-frauenheilkunde.de\/de\/wp-json\/wp\/v2\/pages\/6\/revisions\/6972"}],"wp:attachment":[{"href":"https:\/\/koenig-frauenheilkunde.de\/de\/wp-json\/wp\/v2\/media?parent=6"}],"curies":[{"name":"wp","href":"https:\/\/api.w.org\/{rel}","templated":true}]}}