{"id":6179,"date":"2020-02-02T18:39:41","date_gmt":"2020-02-02T17:39:41","guid":{"rendered":"https:\/\/koenig-frauenheilkunde.de\/privacy-policy\/"},"modified":"2022-10-25T11:57:57","modified_gmt":"2022-10-25T09:57:57","slug":"privacy-policy","status":"publish","type":"page","link":"https:\/\/koenig-frauenheilkunde.de\/en\/privacy-policy\/","title":{"rendered":"PRIVACY POLICY"},"content":{"rendered":"\t\t<div data-elementor-type=\"wp-page\" data-elementor-id=\"6179\" class=\"elementor elementor-6179 elementor-3\" data-elementor-settings=\"{&quot;ha_cmc_init_switcher&quot;:&quot;no&quot;}\" data-elementor-post-type=\"page\">\n\t\t\t\t\t\t<section class=\"elementor-section elementor-top-section elementor-element elementor-element-c79e414 elementor-section-boxed elementor-section-height-default elementor-section-height-default\" data-id=\"c79e414\" data-element_type=\"section\" data-e-type=\"section\" data-settings=\"{&quot;_ha_eqh_enable&quot;:false}\">\n\t\t\t\t\t\t<div class=\"elementor-container elementor-column-gap-default\">\n\t\t\t\t\t<div class=\"elementor-column elementor-col-100 elementor-top-column elementor-element elementor-element-9ac3613\" data-id=\"9ac3613\" data-element_type=\"column\" data-e-type=\"column\">\n\t\t\t<div class=\"elementor-widget-wrap elementor-element-populated\">\n\t\t\t\t\t\t<div class=\"elementor-element elementor-element-1ec6837 elementor-widget elementor-widget-heading\" data-id=\"1ec6837\" data-element_type=\"widget\" data-e-type=\"widget\" data-widget_type=\"heading.default\">\n\t\t\t\t<div class=\"elementor-widget-container\">\n\t\t\t\t\t<h1 class=\"elementor-heading-title elementor-size-default\">PRIVACY POLICY<\/h1>\t\t\t\t<\/div>\n\t\t\t\t<\/div>\n\t\t\t\t\t<\/div>\n\t\t<\/div>\n\t\t\t\t\t<\/div>\n\t\t<\/section>\n\t\t\t\t<section class=\"elementor-section elementor-top-section elementor-element elementor-element-b0a7b8d elementor-section-boxed elementor-section-height-default elementor-section-height-default\" data-id=\"b0a7b8d\" data-element_type=\"section\" data-e-type=\"section\" data-settings=\"{&quot;_ha_eqh_enable&quot;:false}\">\n\t\t\t\t\t\t<div class=\"elementor-container elementor-column-gap-default\">\n\t\t\t\t\t<div class=\"elementor-column elementor-col-100 elementor-top-column elementor-element elementor-element-1626b18\" data-id=\"1626b18\" data-element_type=\"column\" data-e-type=\"column\">\n\t\t\t<div class=\"elementor-widget-wrap elementor-element-populated\">\n\t\t\t\t\t\t<div class=\"elementor-element elementor-element-74b705f elementor-widget elementor-widget-text-editor\" data-id=\"74b705f\" data-element_type=\"widget\" data-e-type=\"widget\" data-widget_type=\"text-editor.default\">\n\t\t\t\t<div class=\"elementor-widget-container\">\n\t\t\t\t\t\t\t\t\t<h2>Wir f\u00fchren unsere Webseiten nach den im Folgenden geregelten Grunds\u00e4tzen:<\/h2>\n<p>Wir verpflichten uns, die gesetzlichen Bestimmungen zum Datenschutz einzuhalten und bem\u00fchen uns, stets die Grunds\u00e4tze der Datenvermeidung und der Datenminimierung zu ber\u00fccksichtigen.<\/p>\n<h2>1. NAME UND ANSCHRIFT DES VERANTWORTLICHEN<\/h2>\n<p>Die Verantwortliche im Sinne der Datenschutz-Grundverordnung und anderer nationaler Datenschutzgesetze der Mitgliedsstaaten der Europ\u00e4ischen Union sowie sonstiger datenschutzrechtlicher Bestimmungen ist:<\/p>\n<p>Dr. Lilian K\u00f6nig<br \/>Fach\u00e4rztin f\u00fcr Frauenheilkunde und Geburtshilfe<\/p>\n<p>Adenauerallee 3a<br \/>61440 Oberursel<\/p>\n<p>Telefon 06171 4325<br \/>E-Mail\u00a0<a href=\"mailto:praxis@koenig-frauenheilkunde.de\" target=\"_blank\" rel=\"noopener\"><span style=\"display:inline;unicode-bidi:bidi-override;direction:rtl;\" class=\"\">ed.ednukliehneuarf-gineok<span style=\"display:none;\">obfsctd-16e3af<\/span>&#64;sixarp<\/span><\/a><\/p>\n<p><a href=\"http:\/\/www.koenig-frauenheilkunde.de\" target=\"_blank\" rel=\"noopener noreferrer nofollow\">www.koenig-frauenheilkunde.de<\/a><\/p>\n<h2>2. BEGRIFFSERKL\u00c4RUNGEN<\/h2>\n<p>Wir haben unsere Datenschutzerkl\u00e4rung nach den Grunds\u00e4tzen der Klarheit und Transparenz gestaltet. Sollten dennoch Unklarheiten in Bezug auf die Verwendung von verschiedenen Begrifflichkeiten bestehen, k\u00f6nnen die entsprechenden Definitionen\u00a0hier\u00a0eingesehen werden.<\/p>\n<h2>3. RECHTSGRUNDLAGE F\u00dcR DIE VERARBEITUNG VON PERSONENBEZOGENEN DATEN<\/h2>\n<p>Wir verarbeiten Ihre personenbezogenen Daten wie bspw. Ihren Namen und Vornamen, Ihre E-Mail-Adresse und IP-Adresse usw. nur, wenn hierf\u00fcr eine gesetzliche Grundlage gegeben ist. Hier kommen nach der Datenschutzgrundverordnung insbesondere drei Regelungen in Betracht:<\/p>\n<p>a) Sie haben uns Ihre Einwilligung zu der Verarbeitung Ihrer personenbezogenen Daten f\u00fcr einen oder mehrere Zwecke erteilt, Art.\u00a06\u00a0Abs.\u00a01\u00a0S.\u00a01\u00a0lit.\u00a0a\u00a0DSGVO. Sie werden in diesem Zusammenhang von uns \u00fcber den Zweck bzw. die Zwecke der Verarbeitung ausf\u00fchrlich informiert und Ihre ausdr\u00fcckliche Einwilligung wird bei uns dokumentiert.<\/p>\n<p>b) Die Verarbeitung Ihrer personenbezogenen Daten ist f\u00fcr die Erf\u00fcllung eines Vertrags oder zur Durchf\u00fchrung vorvertraglicher Ma\u00dfnahmen mit Ihnen erforderlich, Art.\u00a06 Abs.\u00a01 S.\u00a01\u00a0lit.\u00a0b\u00a0DSGVO.<\/p>\n<p>c) Die Verarbeitung der personenbezogenen Daten ist zur Wahrung unserer berechtigten Interessen erforderlich, sofern nicht Ihre Interessen oder Grundrechte und Grundfreiheiten \u00fcberwiegen, Art.\u00a06\u00a0Abs.\u00a01\u00a0S.\u00a01 lit.\u00a0f\u00a0DSGVO.<\/p>\n<p>Wir weisen Sie aber an den jeweiligen Stellen immer noch einmal darauf hin, auf welcher Rechtsgrundlage die Verarbeitung Ihrer personenbezogenen Daten erfolgt.<\/p>\n<h2>4. WEITERGABE DER PERSONENBEZOGENEN DATEN<\/h2>\n<p>Eine \u00dcbermittlung Ihrer pers\u00f6nlichen Daten an Dritte zu anderen als den im Folgenden aufgef\u00fchrten Zwecken findet nicht statt. Wir geben Ihre pers\u00f6nlichen Daten nur an Dritte weiter, wenn:<\/p>\n<p>a) Sie Ihre ausdr\u00fcckliche Einwilligung nach Art.\u00a06\u00a0Abs.\u00a01 S.\u00a01\u00a0lit.\u00a0a DSGVO dazu erteilt haben,<\/p>\n<p>b) die Weitergabe nach Art. 6\u00a0Abs.\u00a01\u00a0S.\u00a01\u00a0lit.\u00a0f DSGVO zur Geltendmachung, Aus\u00fcbung oder Verteidigung von Rechtsanspr\u00fcchen erforderlich ist und kein Grund zur Annahme besteht, dass Sie ein \u00fcberwiegendes schutzw\u00fcrdiges Interesse an der Nichtweitergabe Ihrer Daten haben,<\/p>\n<p>c) f\u00fcr die Weitergabe nach Art.\u00a06\u00a0Abs.\u00a01\u00a0S.\u00a01\u00a0lit.\u00a0c DSGVO eine gesetzliche Verpflichtung besteht<\/p>\n<p>d) dies gesetzlich zul\u00e4ssig und nach Art. 6\u00a0Abs.\u00a01\u00a0S.\u00a01\u00a0lit.\u00a0b\u00a0DSGVO f\u00fcr die Abwicklung von Vertragsverh\u00e4ltnissen mit Ihnen erforderlich ist.<\/p>\n<h2>5. SPEICHERDAUER UND L\u00d6SCHUNG<\/h2>\n<p>Wir speichern alle personenbezogenen Daten, die Sie uns \u00fcbermitteln, nur so lange, wie sie ben\u00f6tigt werden, um die Zwecke zu erf\u00fcllen, zu denen diese Daten \u00fcbermittelt wurden, oder solange dies von Gesetzes wegen vorgeschrieben ist. Mit Zweckerf\u00fcllung und\/oder Ablauf der gesetzlichen Speicherungsfristen werden die Daten von uns gel\u00f6scht oder gesperrt.<\/p>\n<h2>6. SSL-VERSCHL\u00dcSSELUNG<\/h2>\n<p>Diese Webseite nutzt aus Gr\u00fcnden der Sicherheit und zum Schutz der \u00dcbertragung vertraulicher Inhalte, wie z.B. der Anfragen, die Sie an uns als Webseitenbetreiber senden, eine SSL-Verschl\u00fcsselung. Eine verschl\u00fcsselte Verbindung erkennen Sie daran, dass die Adresszeile des Browsers von \u201ehttp:\/\/&#8221; auf \u201ehttps:\/\/&#8221; wechselt und an dem Schloss-Symbol in Ihrer Browserzeile.<\/p>\n<p>Wenn die SSL-Verschl\u00fcsselung aktiviert ist, k\u00f6nnen die Daten, die Sie an uns \u00fcbermitteln, nicht von Dritten mitgelesen werden.<\/p>\n<h2>7. ERHEBUNG UND SPEICHERUNG VON PERSONENBEZOGENEN DATEN SOWIE DEREN ART UND ZWECK DER VERWENDUNG<\/h2>\n<p><strong>a) Beim Besuch der Webseite<\/strong><\/p>\n<p>Beim Aufrufen unserer Webseite werden durch den auf Ihrem Endger\u00e4t zum Einsatz kommenden Browser automatisch Informationen an den Server unserer Webseite gesendet. Diese Informationen werden tempor\u00e4r in einem sogenannten Logfile gespeichert. Folgende Informationen werden dabei ohne Ihr Zutun erfasst und bis zur automatisierten L\u00f6schung gespeichert:<\/p>\n<ul>\n<li>IP-Adresse des anfragenden Rechners<\/li>\n<li>Datum und Uhrzeit des Zugriffs<\/li>\n<li>Name und URL der abgerufenen Datei<\/li>\n<li>Webseite, von der aus der Zugriff erfolgt (Referrer-URL)<\/li>\n<li>verwendeter Browser und ggf. das Betriebssystem Ihres Rechners sowie der Name Ihres Access-Providers<\/li>\n<\/ul>\n<p>Die genannten Daten werden durch uns zu folgenden Zwecken verarbeitet:<\/p>\n<ul>\n<li>Auswertung der Systemsicherheit und -stabilit\u00e4t<\/li>\n<li>zu weiteren administrativen Zwecken<\/li>\n<\/ul>\n<p>Daten, die einen R\u00fcckschluss auf Ihre Person zulassen, wie bspw. die IP-Adresse, werden sp\u00e4testens nach 7 Tagen gel\u00f6scht. Sollten wir die Daten \u00fcber diesen Zeitraum hinaus speichern, werden diese Daten pseudonymisiert, so dass eine Zuordnung zu Ihnen nicht mehr m\u00f6glich ist.<\/p>\n<p>Die Rechtsgrundlage f\u00fcr die Datenverarbeitung ist Art. 6\u00a0Abs.\u00a01 S.\u00a01\u00a0lit.\u00a0f DSGVO. Unser berechtigtes Interesse folgt aus oben aufgelisteten Zwecken zur Datenerhebung. In keinem Fall verwenden wir die erhobenen Daten zu dem Zweck, R\u00fcckschl\u00fcsse auf Ihre Person zu ziehen.<\/p>\n<p><strong>b) Doctena<\/strong><\/p>\n<p>Wir setzen auf unserer Webseite den Onlinedienst Doctena (Doctena Germany GmbH, Urbanstr. 116, 10976 Berlin) ein, mit dem Sie online einen Arzttermin bei uns buchen k\u00f6nnen.<\/p>\n<p>Die Server-Infrastruktur von Doctena ist auf Amazon Web Services gehostet. Sie nutzt ausschlie\u00dflich Rechenzentren in der Region Frankfurt (eu-central-1-Region), um sicherzustellen, dass die Daten niemals die EU verlassen. Die Daten, die von Doctena verarbeitet werden, werden nach dem als Industriestandard geltenden 256-Bit-AES Algorithmus verschl\u00fcsselt.<\/p>\n<p>Doctena hat selbst keinen Zugriff auf Ihre Daten. Wir haben mit Doctena einen Vertrag zur Auftragsverarbeitung abgeschlossen.<\/p>\n<p>Die geltenden Datenschutzbestimmungen von\u00a0Doctena\u00a0sind unter\u00a0https:\/\/www.doctena.com\/doctena-de-privacy-policy\/\u00a0abrufbar.<\/p>\n<p>Im Rahmen der Terminbuchung werden gem\u00e4\u00df Art.\u00a06\u00a0Abs.\u00a01\u00a0S.\u00a01\u00a0lit.\u00a0b DSGVO nur die zur Vertragsabwicklung zwingend erforderlichen personenbezogenen Daten verarbeitet.<\/p>\n<p><strong>c) E-Mail-Kontakt<\/strong><\/p>\n<p>Gerne k\u00f6nnen Sie uns eine E-Mail unter Verwendung der auf unserer Webseite angegebenen E-Mail-Adresse zusenden. Wir speichern und verarbeiten in diesem Fall Ihre E-Mail-Adresse sowie die von Ihnen im Rahmen der E-Mail gemachten Angaben gem\u00e4\u00df Art. 6 Abs. S. 1 lit. b und f DSGVO zur Bearbeitung Ihrer Nachricht.<\/p>\n<p>Die Anfragen sowie die damit einhergehenden Daten werden sp\u00e4testens 3 Monate nach Erhalt gel\u00f6scht, sofern diese nicht f\u00fcr eine weitere vertragliche Beziehung ben\u00f6tigt werden.<\/p>\n<h2>8. COOKIES<\/h2>\n<p>Auf unserer Webseite setzen wir Cookies ein. Cookies sind kleine Datenpakete, die Ihr Browser automatisch erstellt und die auf Ihrem Endger\u00e4t gespeichert werden, wenn Sie unsere Webseite besuchen. Diese Cookies dienen dazu, Informationen im Zusammenhang mit dem jeweils eingesetzten Endger\u00e4t abzulegen. Eine pers\u00f6nliche Identifikation Ihrer Person ist aber durch die Cookies nicht m\u00f6glich.<\/p>\n<p>Die durch Cookies verarbeiteten Daten sind f\u00fcr die genannten Zwecke zur Wahrung unserer berechtigten Interessen sowie der Dritter nach Art.\u00a06\u00a0Abs.\u00a0S.\u00a01\u00a0lit.\u00a0f DSGVO erforderlich.<\/p>\n<p>Die meisten Browser akzeptieren Cookies auf Grund der Browser-Voreinstellung automatisch. Sie k\u00f6nnen Ihren Browser jedoch so konfigurieren, dass entweder gar keine Cookies auf Ihrem Endger\u00e4t gespeichert werden oder aber zumindest ein Hinweis angezeigt wird, bevor ein neuer Cookie gespeichert wird. Wenn Sie die Cookie-Funktion in Ihrem Browser vollst\u00e4ndig deaktivieren, kann es sein, dass Sie nicht alle Funktionen unserer Webseite nutzen k\u00f6nnen.<\/p>\n<p>Nachfolgend erl\u00e4utern wir Ihnen die verschiedenen Arten von Cookies, die wir einsetzen.<\/p>\n<p><strong>a) Session-Cookies<\/strong><\/p>\n<p>Um Ihnen die Nutzung unseres Angebots angenehmer zu gestalten, setzen wir sogenannte Session-Cookies ein, um zu erkennen, dass Sie einzelne Seiten unserer Webseite bereits besucht haben.<\/p>\n<p>Diese Session Cookies werden nach Verlassen unserer Seite automatisch gel\u00f6scht.<\/p>\n<p><strong>b) Tempor\u00e4re Cookies<\/strong><\/p>\n<p>Wir setzen ebenfalls Cookies ein, die es uns erlauben, Sie wiederzuerkennen, wenn Sie unsere Webseite erneut besuchen und unsere Dienste in Anspruch nehmen. So m\u00fcssen Sie Ihre Eingaben und Einstellungen, die Sie das letzte Mal get\u00e4tigt haben, nicht erneut vornehmen.<\/p>\n<p>Diese tempor\u00e4ren Cookies werden f\u00fcr einen bestimmten festgelegten Zeitraum auf Ihrem Endger\u00e4t gespeichert.<\/p>\n<p><strong>c) Cookies zu Optimierungszwecken<\/strong><\/p>\n<p>Schlie\u00dflich setzen wir auch Cookies zu Optimierungszwecken ein. Diese erfassen die Nutzung unserer Webseite statistisch und werden zum Zwecke der Optimierung des Angebots f\u00fcr Sie ausgewertet. Die Cookies erm\u00f6glichen die Wiedererkennung Ihres Internetbrowsers, wenn Sie unsere Webseite erneut besuchen.<\/p>\n<p>Diese Cookies werden nach einer jeweils definierten Zeit automatisch gel\u00f6scht.<\/p>\n<p><a href=\"https:\/\/koenig-frauenheilkunde.de\/wp-content\/uploads\/2020\/12\/14_12_2020_cookieliste.pdf\" target=\"_blank\" rel=\"noopener\">Cookieliste<\/a><\/p>\n<style>.cmplz-status-accepted,.cmplz-status-denied {display: none;}<\/style>\n\t\t\t\t<script>\n\t\t\t\tdocument.addEventListener('cmplz_before_cookiebanner', function(){\n                    if (cmplz_has_consent('marketing')) {\n\t\t\t\t        document.querySelector('.cmplz-status-accepted').style.display = 'block';\n\t\t\t\t        document.querySelector('.cmplz-status-denied').style.display = 'none';\n\t\t\t\t    } else {\n\t\t\t\t\t\tdocument.querySelector('.cmplz-status-accepted').style.display = 'none';\n\t\t\t\t        document.querySelector('.cmplz-status-denied').style.display = 'block';\n\t\t\t\t\t\tdocument.querySelector('.cmplz-revoke-custom').setAttribute('disabled', true);\n\n\t\t\t\t    }\n                    document.addEventListener('click', e => {\n\t\t\t\t\t\tif ( e.target.closest('.cmplz-revoke-custom') ) {\n\t\t\t\t\t\t\tdocument.querySelector('.cmplz-revoke-custom').setAttribute('disabled', true);\n                            cmplz_set_banner_status('dismissed');\n\t\t\t\t\t\t}\n\t\t\t\t\t});\n                    document.addEventListener('click', e => {\n\t\t\t\t\t\tif ( e.target.closest('.cmplz-accept') ) {\n                            document.querySelector('.cmplz-status-accepted').style.display = 'block';\n\t\t\t\t        \tdocument.querySelector('.cmplz-status-denied').style.display = 'none';\n\t\t\t\t\t\t\tdocument.querySelector('.cmplz-revoke-custom').removeAttribute('disabled');\n\t\t\t\t\t\t}\n\t\t\t\t\t});\n\t\t\t\t});\n\t\t\t<\/script><button class=\"cmplz-deny cmplz-revoke-custom\">Cookie-Einstellungen<\/button>&nbsp;<span class=\"cmplz-status-accepted\">Current status: Accepted<\/span><span class=\"cmplz-status-denied\">Current status: Denied<\/span>\n\t\t\t\t\t\t\t\t<\/div>\n\t\t\t\t<\/div>\n\t\t\t\t\t<\/div>\n\t\t<\/div>\n\t\t\t\t\t<\/div>\n\t\t<\/section>\n\t\t\t\t<section class=\"elementor-section elementor-top-section elementor-element elementor-element-3f3b72f elementor-section-boxed elementor-section-height-default elementor-section-height-default\" data-id=\"3f3b72f\" data-element_type=\"section\" data-e-type=\"section\" data-settings=\"{&quot;_ha_eqh_enable&quot;:false}\">\n\t\t\t\t\t\t<div class=\"elementor-container elementor-column-gap-default\">\n\t\t\t\t\t<div class=\"elementor-column elementor-col-100 elementor-top-column elementor-element elementor-element-48cf95c\" data-id=\"48cf95c\" data-element_type=\"column\" data-e-type=\"column\">\n\t\t\t<div class=\"elementor-widget-wrap elementor-element-populated\">\n\t\t\t\t\t\t<div class=\"elementor-element elementor-element-b498b03 elementor-widget elementor-widget-text-editor\" data-id=\"b498b03\" data-element_type=\"widget\" data-e-type=\"widget\" data-widget_type=\"text-editor.default\">\n\t\t\t\t<div class=\"elementor-widget-container\">\n\t\t\t\t\t\t\t\t\t<h2>9. RECHTE DES BETROFFENEN<\/h2>\n<p>Ihnen stehen folgende Rechte zu:<\/p>\n<p><strong>a) Auskunft<\/strong><\/p>\n<p>Sie haben gem\u00e4\u00df Art.\u00a015 DSGVO das Recht, Auskunft \u00fcber Ihre von uns verarbeiteten personenbezogenen Daten zu verlangen. Dieses Auskunftsrecht umfasst dabei Informationen \u00fcber<\/p>\n<ul>\n<li>die Verarbeitungszwecke<\/li>\n<li>die Kategorien der personenbezogenen Daten<\/li>\n<li>die Empf\u00e4nger oder Kategorien von Empf\u00e4ngern, gegen\u00fcber denen Ihre Daten offengelegt wurden oder werden<\/li>\n<li>die geplante Speicherdauer oder zumindest die Kriterien f\u00fcr die Festlegung der Speicherdauer<\/li>\n<li>das Bestehen eines Rechts auf Berichtigung, L\u00f6schung, Einschr\u00e4nkung der Verarbeitung oder Widerspruch<\/li>\n<li>das Bestehen eines Beschwerderechts bei einer Aufsichtsbeh\u00f6rde<\/li>\n<li>die Herkunft Ihrer personenbezogenen Daten, sofern diese nicht bei uns erhoben wurden<\/li>\n<li>das Bestehen einer automatisierten Entscheidungsfindung einschlie\u00dflich Profiling und ggf. aussagekr\u00e4ftigen Informationen zu deren Einzelheiten<\/li>\n<\/ul>\n<p><strong>b) Berichtigung<\/strong><\/p>\n<p>Ihnen steht nach Art.\u00a016 DSGVO ein Recht auf unverz\u00fcgliche Berichtigung unrichtiger oder unvollst\u00e4ndiger gespeicherter personenbezogener Daten bei uns zu.<\/p>\n<p><strong>c) L\u00f6schung<\/strong><\/p>\n<p>Sie haben nach Art.\u00a017 DSGVO das Recht, die unverz\u00fcgliche L\u00f6schung Ihrer personenbezogenen Daten bei uns zu verlangen, soweit die weitere Verarbeitung nicht aus einem der nachfolgenden Gr\u00fcnde erforderlich ist:<\/p>\n<ul>\n<li>zur Aus\u00fcbung des Rechts auf freie Meinungs\u00e4u\u00dferung und Information<\/li>\n<li>zur Erf\u00fcllung einer rechtlichen Verpflichtung, die die Verarbeitung nach dem Recht der Europ\u00e4ischen Union oder der Mitgliedstaaten, dem der Verantwortliche unterliegt, erfordert, oder zur Wahrnehmung einer Aufgabe, die im \u00f6ffentlichen Interesse liegt oder in Aus\u00fcbung \u00f6ffentlicher Gewalt erfolgt, die dem Verantwortlichen \u00fcbertragen wurde<\/li>\n<li>aus Gr\u00fcnden des \u00f6ffentlichen Interesses im Bereich der \u00f6ffentlichen Gesundheit gem\u00e4\u00df Art. 9 Abs. 2 lit. h und i sowie Art. 9 Abs. 3 DSGVO<\/li>\n<li>f\u00fcr im \u00f6ffentlichen Interesse liegende Archivzwecke, wissenschaftliche oder historische Forschungszwecke oder f\u00fcr statistische Zwecke gem. Art. 89 Abs. 1 DSGVO, soweit das unter Abschnitt a) genannte Recht voraussichtlich die Verwirklichung der Ziele dieser Verarbeitung unm\u00f6glich macht oder ernsthaft beeintr\u00e4chtigt<\/li>\n<li>zur Geltendmachung, Aus\u00fcbung oder Verteidigung von Rechtsanspr\u00fcchen<\/li>\n<\/ul>\n<p><strong>d) Einschr\u00e4nkung der Verarbeitung<\/strong><\/p>\n<p>Sie k\u00f6nnen gem\u00e4\u00df Art.\u00a018 DSGVO die Einschr\u00e4nkung der Verarbeitung Ihrer personenbezogenen Daten aus einem der nachfolgenden Gr\u00fcnde verlangen:<\/p>\n<ul>\n<li>Sie bestreiten die Richtigkeit Ihrer personenbezogenen Daten.<\/li>\n<li>Die Verarbeitung ist unrechtm\u00e4\u00dfig und Sie lehnen die L\u00f6schung der personenbezogenen Daten ab.<\/li>\n<li>Wir ben\u00f6tigen die personenbezogenen Daten f\u00fcr die Zwecke der Verarbeitung nicht l\u00e4nger, Sie ben\u00f6tigen diese jedoch zur Geltendmachung, Aus\u00fcbung oder Verteidigung von Rechtsanspr\u00fcchen.<\/li>\n<li>Sie legen Widerspruch gegen die Verarbeitung gem\u00e4\u00df Art. 21 Abs. 1 DSGVO ein.<\/li>\n<\/ul>\n<p><strong>e) Unterrichtung<\/strong><\/p>\n<p>Wenn Sie die Berichtigung oder L\u00f6schung Ihrer personenbezogenen Daten oder eine Einschr\u00e4nkung der Verarbeitung nach Art.\u00a016, Art.\u00a017 Abs.\u00a01 und Art.\u00a018 DSGVO verlangt haben, teilen wir dies allen Empf\u00e4ngern, denen Ihre personenbezogenen Daten offengelegt wurden, mit, es sei denn, dies erweist sich als unm\u00f6glich oder ist mit einem unverh\u00e4ltnism\u00e4\u00dfigen Aufwand verbunden. Sie k\u00f6nnen von uns verlangen, dass wir Ihnen diese Empf\u00e4nger mitteilen.<\/p>\n<p><strong>f) \u00dcbermittlung<\/strong><\/p>\n<p>Sie haben das Recht, Ihre personenbezogenen Daten, die Sie uns bereitgestellt haben, in einem strukturierten, g\u00e4ngigen und maschinenlesbaren Format zu erhalten.<\/p>\n<p>Sie haben ebenfalls das Recht, die \u00dcbermittlung dieser Daten an einen Dritten zu verlangen, sofern die Verarbeitung mithilfe automatisierter Verfahren erfolgte und auf einer Einwilligung gem\u00e4\u00df Art.\u00a06 Abs.\u00a01 S.\u00a01 lit. a oder Art.\u00a09 Abs.\u00a02 lit. a oder auf einem Vertrag gem\u00e4\u00df Art.\u00a06 Abs.\u00a01 S.\u00a01 lit. b DSGVO beruht.<\/p>\n<p><strong>g) Widerruf<\/strong><\/p>\n<p>Sie haben gem\u00e4\u00df Art.\u00a07 Abs.\u00a03 DSGVO das Recht, ihre erteilte Einwilligung jederzeit uns gegen\u00fcber zu widerrufen. Durch den Widerruf der Einwilligung wird die Rechtm\u00e4\u00dfigkeit der aufgrund der Einwilligung bis zum Widerruf erfolgten Verarbeitung nicht ber\u00fchrt. Zuk\u00fcnftig d\u00fcrfen wir die Datenverarbeitung, die auf Ihrer widerrufenen Einwilligung beruhte nicht mehr fortf\u00fchren.<\/p>\n<p><strong>h) Beschwerde<\/strong><\/p>\n<p>Sie haben gem\u00e4\u00df Art.\u00a077 DSGVO das Recht, sich bei einer Aufsichtsbeh\u00f6rde zu beschweren, wenn Sie der Ansicht sind, dass die Verarbeitung Ihrer personenbezogenen Daten gegen die DSGVO verst\u00f6\u00dft.<\/p>\n<p><strong>i) Widerspruch<\/strong><\/p>\n<p>Sofern Ihre personenbezogenen Daten auf Grundlage von berechtigten Interessen gem\u00e4\u00df Art.\u00a06 Abs.\u00a01 S.\u00a01 lit. f DSGVO verarbeitet werden, haben Sie das Recht, gem\u00e4\u00df Art.\u00a021 DSGVO Widerspruch gegen die Verarbeitung Ihrer personenbezogenen Daten einzulegen, soweit daf\u00fcr Gr\u00fcnde vorliegen, die sich aus Ihrer besonderen Situation ergeben oder sich der Widerspruch gegen Direktwerbung richtet. Im letzteren Fall haben Sie ein generelles Widerspruchsrecht, das ohne Angabe der besonderen Situation von uns umgesetzt wird. M\u00f6chten Sie von Ihrem Widerrufs- oder Widerspruchsrecht Gebrauch machen, gen\u00fcgt eine E-Mail an\u00a0<a href=\"mailto:praxis@koenig-frauenheilkunde.de\" target=\"_blank\" rel=\"noopener\"><span style=\"display:inline;unicode-bidi:bidi-override;direction:rtl;\" class=\"\">ed.ednukliehneuarf-gineok<span style=\"display:none;\">obfsctd-4a7928<\/span>&#64;sixarp<\/span><\/a>.<\/p>\n<p><strong>j) Automatisierte Entscheidung im Einzelfall einschlie\u00dflich Profiling<\/strong><\/p>\n<p>Sie haben das Recht, nicht einer ausschlie\u00dflich auf einer automatisierten Verarbeitung \u2013 einschlie\u00dflich Profiling \u2013 beruhenden Entscheidung unterworfen zu werden, die Ihnen gegen\u00fcber rechtliche Wirkung entfaltet oder Sie in \u00e4hnlicher Weise erheblich beeintr\u00e4chtigt. Dies gilt nicht, wenn die Entscheidung<\/p>\n<p>i. f\u00fcr den Abschluss oder die Erf\u00fcllung eines Vertrags zwischen Ihnen und uns erforderlich ist<\/p>\n<p>ii. aufgrund von Rechtsvorschriften der Europ\u00e4ischen Union oder der Mitgliedstaaten, denen wir unterliegen, zul\u00e4ssig ist und diese Rechtsvorschriften angemessene Ma\u00dfnahmen zur Wahrung Ihrer Rechte und Freiheiten sowie Ihrer berechtigten Interessen enthalten<\/p>\n<p>iii. mit Ihrer ausdr\u00fccklichen Einwilligung erfolgt<\/p>\n<p>Allerdings d\u00fcrfen diese Entscheidungen nicht auf besonderen Kategorien personenbezogener Daten nach Art.\u00a09 Abs.\u00a01 DSGVO beruhen, sofern nicht Art.\u00a09 Abs.\u00a02 lit. a oder g DSGVO gilt und angemessene Ma\u00dfnahmen zum Schutz der Rechte und Freiheiten sowie Ihrer berechtigten Interessen getroffen wurden.<\/p>\n<p>Hinsichtlich der in i) und iii) genannten F\u00e4lle treffen wir angemessene Ma\u00dfnahmen, um die Rechte und Freiheiten sowie Ihre berechtigten Interessen zu wahren, wozu mindestens das Recht auf Erwirkung des Eingreifens einer Person von unserer Seite, auf Darlegung des eigenen Standpunkts und auf Anfechtung der Entscheidung geh\u00f6rt.<\/p>\n<h2>10. \u00c4NDERUNG DER DATENSCHUTZERKL\u00c4RUNG<\/h2>\n<p>Sollten wir die Datenschutzerkl\u00e4rung \u00e4ndern, dann wird dies auf der Webseite kenntlich gemacht.<\/p>\n<p>Stand 15.01.2021<\/p>\n\t\t\t\t\t\t\t\t<\/div>\n\t\t\t\t<\/div>\n\t\t\t\t\t<\/div>\n\t\t<\/div>\n\t\t\t\t\t<\/div>\n\t\t<\/section>\n\t\t\t\t<\/div>\n\t\t","protected":false},"excerpt":{"rendered":"<p>PRIVACY POLICY Wir f\u00fchren unsere Webseiten nach den im Folgenden geregelten Grunds\u00e4tzen: Wir verpflichten uns, die gesetzlichen Bestimmungen zum Datenschutz einzuhalten und bem\u00fchen uns, stets die Grunds\u00e4tze der Datenvermeidung und der Datenminimierung zu ber\u00fccksichtigen. 1. NAME UND ANSCHRIFT DES VERANTWORTLICHEN Die Verantwortliche im Sinne der Datenschutz-Grundverordnung und anderer nationaler Datenschutzgesetze der Mitgliedsstaaten der Europ\u00e4ischen Union [&hellip;]<\/p>\n","protected":false},"author":5,"featured_media":0,"parent":0,"menu_order":7,"comment_status":"closed","ping_status":"closed","template":"","meta":{"footnotes":""},"class_list":["post-6179","page","type-page","status-publish","hentry"],"_links":{"self":[{"href":"https:\/\/koenig-frauenheilkunde.de\/en\/wp-json\/wp\/v2\/pages\/6179","targetHints":{"allow":["GET"]}}],"collection":[{"href":"https:\/\/koenig-frauenheilkunde.de\/en\/wp-json\/wp\/v2\/pages"}],"about":[{"href":"https:\/\/koenig-frauenheilkunde.de\/en\/wp-json\/wp\/v2\/types\/page"}],"author":[{"embeddable":true,"href":"https:\/\/koenig-frauenheilkunde.de\/en\/wp-json\/wp\/v2\/users\/5"}],"replies":[{"embeddable":true,"href":"https:\/\/koenig-frauenheilkunde.de\/en\/wp-json\/wp\/v2\/comments?post=6179"}],"version-history":[{"count":1,"href":"https:\/\/koenig-frauenheilkunde.de\/en\/wp-json\/wp\/v2\/pages\/6179\/revisions"}],"predecessor-version":[{"id":6180,"href":"https:\/\/koenig-frauenheilkunde.de\/en\/wp-json\/wp\/v2\/pages\/6179\/revisions\/6180"}],"wp:attachment":[{"href":"https:\/\/koenig-frauenheilkunde.de\/en\/wp-json\/wp\/v2\/media?parent=6179"}],"curies":[{"name":"wp","href":"https:\/\/api.w.org\/{rel}","templated":true}]}}