{"id":6362,"date":"2020-02-02T18:53:41","date_gmt":"2020-02-02T17:53:41","guid":{"rendered":"https:\/\/koenig-frauenheilkunde.de\/imprint\/"},"modified":"2023-12-01T10:49:36","modified_gmt":"2023-12-01T09:49:36","slug":"imprint","status":"publish","type":"page","link":"https:\/\/koenig-frauenheilkunde.de\/en\/imprint\/","title":{"rendered":"IMPRINT"},"content":{"rendered":"\t\t<div data-elementor-type=\"wp-page\" data-elementor-id=\"6362\" class=\"elementor elementor-6362 elementor-6\" data-elementor-settings=\"{&quot;ha_cmc_init_switcher&quot;:&quot;no&quot;}\" data-elementor-post-type=\"page\">\n\t\t\t\t\t\t<section class=\"elementor-section elementor-top-section elementor-element elementor-element-ba03bd9 elementor-section-boxed elementor-section-height-default elementor-section-height-default\" data-id=\"ba03bd9\" data-element_type=\"section\" data-e-type=\"section\" data-settings=\"{&quot;_ha_eqh_enable&quot;:false}\">\n\t\t\t\t\t\t<div class=\"elementor-container elementor-column-gap-default\">\n\t\t\t\t\t<div class=\"elementor-column elementor-col-100 elementor-top-column elementor-element elementor-element-502b8e7\" data-id=\"502b8e7\" data-element_type=\"column\" data-e-type=\"column\">\n\t\t\t<div class=\"elementor-widget-wrap elementor-element-populated\">\n\t\t\t\t\t\t<div class=\"elementor-element elementor-element-104403f elementor-widget elementor-widget-heading\" data-id=\"104403f\" data-element_type=\"widget\" data-e-type=\"widget\" data-widget_type=\"heading.default\">\n\t\t\t\t<div class=\"elementor-widget-container\">\n\t\t\t\t\t<h1 class=\"elementor-heading-title elementor-size-default\">IMPRINT<\/h1>\t\t\t\t<\/div>\n\t\t\t\t<\/div>\n\t\t\t\t<div class=\"elementor-element elementor-element-6e31192 elementor-widget elementor-widget-text-editor\" data-id=\"6e31192\" data-element_type=\"widget\" data-e-type=\"widget\" data-widget_type=\"text-editor.default\">\n\t\t\t\t<div class=\"elementor-widget-container\">\n\t\t\t\t\t\t\t\t\t<h2 style=\"text-align: left;\">Information according to \u00a7 5 TM<\/h2>\n<p style=\"text-align: left;\">Dr. Lilian K\u00f6nig Specialist in gynecology and obstetrics<\/p>\n<p style=\"text-align: left;\">Adenauerallee 3a<br \/>61440 Oberursel<\/p>\n<p style=\"text-align: left;\">Telephone 06171 4325<br \/>E-mail <a href=\"mailto:praxis@koenig-frauenheilkunde.de\" target=\"_blank\" rel=\"noopener\"><span style=\"display:inline;unicode-bidi:bidi-override;direction:rtl;\" class=\"\">ed.ednukliehneuarf-gineok<span style=\"display:none;\">obfsctd-4a66b9<\/span>&#64;sixarp<\/span><\/a><\/p>\n<h2 style=\"text-align: left;\">LEGAL PROFESSIONAL TITLE<\/h2>\n<p style=\"text-align: left;\">Dr. med. Lilian K\u00f6nig, Fach\u00e4rztin f\u00fcr Frauenheilkunde und Geburtshilfe [Specialist in gynecology and obstetrics] (granted in the Federal Republic of Germany)<\/p>\n<h2 style=\"text-align: left;\">LIFELONG DOCTOR NUMBER<\/h2>\n<p style=\"text-align: left;\">LANR 849094415<\/p>\n<h2 style=\"text-align: left;\">State medical association<\/h2>\n<p style=\"text-align: left;\">Landes\u00e4rztekammer Hessen<\/p>\n<p style=\"text-align: left;\">Hanauer Landstrasse 152<br \/>60314 Frankfurt am Main<\/p>\n<p style=\"text-align: left;\">P.O. Box 60 05 66<br \/>60335 Frankfurt am Main<\/p>\n<p style=\"text-align: left;\">Telephone 069 97672-0<br \/>Facsimile 069 97672-128<br \/>E-mail <a href=\"mailto:laek-hessen@laekh.de\" target=\"_blank\" rel=\"noopener\"><span style=\"display:inline;unicode-bidi:bidi-override;direction:rtl;\" class=\"\">ed.hkeal<span style=\"display:none;\">obfsctd-5fe969<\/span>&#64;nesseh-keal<\/span><\/a><br \/>Internet <a href=\"https:\/\/www.laekh.de\/\" target=\"_blank\" rel=\"noopener noreferrer nofollow\">www.laekh.de<\/a><\/p>\n<h2 style=\"text-align: left;\">THE FOLLOWING PROFESSIONAL REGULATIONS APPLY<\/h2>\n<p style=\"text-align: left;\">Professional Code of Conduct of the State Medical Association of Hesse<\/p>\n<h2 style=\"text-align: left;\">REGULATIONS CAN BE VIEWED AT<\/h2>\n<p style=\"text-align: left;\"><a href=\"https:\/\/www.laekh.de\/fileadmin\/user_upload\/Aerzte\/Rund_ums_Recht\/Rechtsquellen\/Berufsordnung.pdf\" target=\"_blank\" rel=\"noopener noreferrer nofollow\">Rechtsquellen der Landes\u00e4rztekammer Hessen<\/a><\/p>\n<h2>ASSOCIATION OF STATUTORY HELATH INSURANCE PHYSICIAN<\/h2>\n<p style=\"text-align: left;\">Kassen\u00e4rztliche Vereinigung Hessen<\/p>\n<p style=\"text-align: left;\">Europa-Allee 90<br \/>60486 Frankfurt am Main<\/p>\n<p style=\"text-align: left;\">Telephone 069 24741-7777<br \/>Facsimile 069 24741-68826<\/p>\n<h2 style=\"text-align: left;\">RESPONSIBLE FOR THE CONTENT ACCORDING TO \u00a7 55 ABS. 2 RSTV<\/h2>\n<p style=\"text-align: left;\">Dr. Lilian K\u00f6nig<br \/>Specialist in gynecology and obstetrics<\/p>\n<p style=\"text-align: left;\">Adenauerallee 3a<br \/>61440 Oberursel<\/p>\n<h2 style=\"text-align: left;\">CONCEPTION, DESIGN, TEXT EDITING<\/h2>\n<p style=\"text-align: left;\"><a href=\"https:\/\/doerner-karbowy.de\/\" target=\"_blank\" rel=\"noopener noreferrer nofollow\">D\u00d6RNER+KARBOWY \u2013 Kommunikation: Gesundheit. Soziales.<\/a><\/p>\n<h2 style=\"text-align: left;\">PROGRAMMING<\/h2>\n<p style=\"text-align: left;\"><a href=\"https:\/\/blickwerker.de\/\" target=\"_blank\" rel=\"noopener noreferrer nofollow\">blickwerker<\/a><\/p>\n<h2 style=\"text-align: left;\">SOURCE INFORMATION FOR THE IMAGES AND GRAPHICS USED<\/h2>\n<p style=\"text-align: left;\"><span style=\"color: var( --e-global-color-text );\">See under <a href=\"https:\/\/koenig-frauenheilkunde.de\/de\/bildnachweise\/\" target=\"_blank\" rel=\"noopener\">BILDNACHWEISE<\/a><\/span><\/p>\n\t\t\t\t\t\t\t\t<\/div>\n\t\t\t\t<\/div>\n\t\t\t\t\t<\/div>\n\t\t<\/div>\n\t\t\t\t\t<\/div>\n\t\t<\/section>\n\t\t\t\t<\/div>\n\t\t","protected":false},"excerpt":{"rendered":"<p>IMPRINT Information according to \u00a7 5 TM Dr. Lilian K\u00f6nig Specialist in gynecology and obstetrics Adenauerallee 3a61440 Oberursel Telephone 06171 4325E-mail ed.ednukliehneuarf-gineokobfsctd-786430&#64;sixarp LEGAL PROFESSIONAL TITLE Dr. med. Lilian K\u00f6nig, Fach\u00e4rztin f\u00fcr Frauenheilkunde und Geburtshilfe [Specialist in gynecology and obstetrics] (granted in the Federal Republic of Germany) LIFELONG DOCTOR NUMBER LANR 849094415 State medical association Landes\u00e4rztekammer [&hellip;]<\/p>\n","protected":false},"author":5,"featured_media":0,"parent":0,"menu_order":6,"comment_status":"closed","ping_status":"closed","template":"","meta":{"footnotes":""},"class_list":["post-6362","page","type-page","status-publish","hentry"],"_links":{"self":[{"href":"https:\/\/koenig-frauenheilkunde.de\/en\/wp-json\/wp\/v2\/pages\/6362","targetHints":{"allow":["GET"]}}],"collection":[{"href":"https:\/\/koenig-frauenheilkunde.de\/en\/wp-json\/wp\/v2\/pages"}],"about":[{"href":"https:\/\/koenig-frauenheilkunde.de\/en\/wp-json\/wp\/v2\/types\/page"}],"author":[{"embeddable":true,"href":"https:\/\/koenig-frauenheilkunde.de\/en\/wp-json\/wp\/v2\/users\/5"}],"replies":[{"embeddable":true,"href":"https:\/\/koenig-frauenheilkunde.de\/en\/wp-json\/wp\/v2\/comments?post=6362"}],"version-history":[{"count":2,"href":"https:\/\/koenig-frauenheilkunde.de\/en\/wp-json\/wp\/v2\/pages\/6362\/revisions"}],"predecessor-version":[{"id":7175,"href":"https:\/\/koenig-frauenheilkunde.de\/en\/wp-json\/wp\/v2\/pages\/6362\/revisions\/7175"}],"wp:attachment":[{"href":"https:\/\/koenig-frauenheilkunde.de\/en\/wp-json\/wp\/v2\/media?parent=6362"}],"curies":[{"name":"wp","href":"https:\/\/api.w.org\/{rel}","templated":true}]}}